{"id":677,"date":"2021-07-16T16:42:37","date_gmt":"2021-07-16T16:42:37","guid":{"rendered":"https:\/\/www.turronesanasirvent.com\/?page_id=677"},"modified":"2022-06-05T13:21:17","modified_gmt":"2022-06-05T11:21:17","slug":"borrador-automatico","status":"publish","type":"page","link":"https:\/\/www.turronesanasirvent.com\/index.php\/borrador-automatico\/","title":{"rendered":"Pasteler\u00eda"},"content":{"rendered":"\t\t<div data-elementor-type=\"wp-page\" data-elementor-id=\"677\" class=\"elementor elementor-677\" data-elementor-post-type=\"page\">\n\t\t\t\t\t\t<section class=\"elementor-section elementor-top-section elementor-element elementor-element-adde0df elementor-section-boxed elementor-section-height-default elementor-section-height-default\" data-id=\"adde0df\" data-element_type=\"section\" data-e-type=\"section\">\n\t\t\t\t\t\t<div class=\"elementor-container elementor-column-gap-default\">\n\t\t\t\t\t<div class=\"elementor-column elementor-col-100 elementor-top-column elementor-element elementor-element-b414a58\" data-id=\"b414a58\" data-element_type=\"column\" data-e-type=\"column\">\n\t\t\t<div class=\"elementor-widget-wrap elementor-element-populated\">\n\t\t\t\t\t\t<div class=\"elementor-element elementor-element-c08805b elementor-widget elementor-widget-heading\" data-id=\"c08805b\" data-element_type=\"widget\" data-e-type=\"widget\" data-widget_type=\"heading.default\">\n\t\t\t\t<div class=\"elementor-widget-container\">\n\t\t\t\t\t<h1 class=\"elementor-heading-title elementor-size-default\">Pasteler\u00eda<\/h1>\t\t\t\t<\/div>\n\t\t\t\t<\/div>\n\t\t\t\t<div class=\"elementor-element elementor-element-14745cc elementor-widget elementor-widget-heading\" data-id=\"14745cc\" data-element_type=\"widget\" data-e-type=\"widget\" data-widget_type=\"heading.default\">\n\t\t\t\t<div class=\"elementor-widget-container\">\n\t\t\t\t\t<h2 class=\"elementor-heading-title elementor-size-default\">Compra polvorones, mazapanes y pasteles<\/h2>\t\t\t\t<\/div>\n\t\t\t\t<\/div>\n\t\t\t\t<div class=\"elementor-element elementor-element-512c5d0 elementor-widget-divider--view-line elementor-widget elementor-widget-divider\" data-id=\"512c5d0\" data-element_type=\"widget\" data-e-type=\"widget\" data-widget_type=\"divider.default\">\n\t\t\t\t<div class=\"elementor-widget-container\">\n\t\t\t\t\t\t\t<div class=\"elementor-divider\">\n\t\t\t<span class=\"elementor-divider-separator\">\n\t\t\t\t\t\t<\/span>\n\t\t<\/div>\n\t\t\t\t\t\t<\/div>\n\t\t\t\t<\/div>\n\t\t\t\t<div class=\"elementor-element elementor-element-2b5f9cd elementor-widget elementor-widget-text-editor\" data-id=\"2b5f9cd\" data-element_type=\"widget\" data-e-type=\"widget\" data-widget_type=\"text-editor.default\">\n\t\t\t\t<div class=\"elementor-widget-container\">\n\t\t\t\t\t\t\t\t\t<p>En nuestro obrador de pasteler\u00eda damos forma a todos nuestros mazapanes de forma manual. Si eres m\u00e1s de polvorones, se deshacen en la boca con trocitos de almendra marcona \u00a1 Te encantar\u00e1n !<\/p>\t\t\t\t\t\t\t\t<\/div>\n\t\t\t\t<\/div>\n\t\t\t\t\t<\/div>\n\t\t<\/div>\n\t\t\t\t\t<\/div>\n\t\t<\/section>\n\t\t\t\t<section class=\"elementor-section elementor-top-section elementor-element elementor-element-cd710e8 elementor-section-boxed elementor-section-height-default elementor-section-height-default\" data-id=\"cd710e8\" data-element_type=\"section\" data-e-type=\"section\">\n\t\t\t\t\t\t<div class=\"elementor-container elementor-column-gap-default\">\n\t\t\t\t\t<div class=\"elementor-column elementor-col-100 elementor-top-column elementor-element elementor-element-9655104\" data-id=\"9655104\" data-element_type=\"column\" data-e-type=\"column\">\n\t\t\t<div class=\"elementor-widget-wrap elementor-element-populated\">\n\t\t\t\t\t\t<div class=\"elementor-element elementor-element-9d9f71b elementor-product-loop-item--align-center elementor-grid-4 elementor-grid-tablet-3 elementor-grid-mobile-2 elementor-products-grid elementor-wc-products elementor-widget elementor-widget-woocommerce-products\" data-id=\"9d9f71b\" data-element_type=\"widget\" data-e-type=\"widget\" data-widget_type=\"woocommerce-products.default\">\n\t\t\t\t<div class=\"elementor-widget-container\">\n\t\t\t\t\t<div class=\"woocommerce columns-4 \"><ul class=\"products elementor-grid columns-4\">\n<li class=\"product type-product post-673 status-publish first instock product_cat-pasteleria has-post-thumbnail taxable shipping-taxable purchasable product-type-variable\">\n\t<a href=\"https:\/\/www.turronesanasirvent.com\/index.php\/producto\/almendras-rellenas-de-turron\/\" class=\"woocommerce-LoopProduct-link woocommerce-loop-product__link\"><img fetchpriority=\"high\" decoding=\"async\" width=\"300\" height=\"180\" src=\"https:\/\/www.turronesanasirvent.com\/wp-content\/uploads\/2021\/07\/almendras-de-turro\u0301n-300x180.png\" class=\"attachment-woocommerce_thumbnail size-woocommerce_thumbnail\" alt=\"Almendras rellenas de turr\u00f3n\" \/><h2 class=\"woocommerce-loop-product__title\">Almendras rellenas de turr\u00f3n<\/h2>\n\t<span class=\"price\">Desde <span class=\"woocommerce-Price-amount amount\"><bdi>6,50&nbsp;<span class=\"woocommerce-Price-currencySymbol\">&euro;<\/span><\/bdi><\/span><\/span>\n<\/a><\/li>\n<li class=\"product type-product post-692 status-publish instock product_cat-pasteleria has-post-thumbnail taxable shipping-taxable purchasable product-type-variable\">\n\t<a href=\"https:\/\/www.turronesanasirvent.com\/index.php\/producto\/polvorones\/\" class=\"woocommerce-LoopProduct-link woocommerce-loop-product__link\"><img decoding=\"async\" width=\"300\" height=\"180\" src=\"https:\/\/www.turronesanasirvent.com\/wp-content\/uploads\/2021\/07\/polvorones-300x180.png\" class=\"attachment-woocommerce_thumbnail size-woocommerce_thumbnail\" alt=\"Polvorones\" \/><h2 class=\"woocommerce-loop-product__title\">Polvorones<\/h2>\n\t<span class=\"price\">Desde <span class=\"woocommerce-Price-amount amount\"><bdi>7,00&nbsp;<span class=\"woocommerce-Price-currencySymbol\">&euro;<\/span><\/bdi><\/span><\/span>\n<\/a><\/li>\n<li class=\"product type-product post-699 status-publish instock product_cat-pasteleria has-post-thumbnail taxable shipping-taxable purchasable product-type-variable\">\n\t<a href=\"https:\/\/www.turronesanasirvent.com\/index.php\/producto\/mosset\/\" class=\"woocommerce-LoopProduct-link woocommerce-loop-product__link\"><img decoding=\"async\" width=\"300\" height=\"180\" src=\"https:\/\/www.turronesanasirvent.com\/wp-content\/uploads\/2021\/07\/comprar-turron-de-chocolate-300x180.png\" class=\"attachment-woocommerce_thumbnail size-woocommerce_thumbnail\" alt=\"Mosset de Chocolate\" \/><h2 class=\"woocommerce-loop-product__title\">Mosset de Chocolate<\/h2>\n\t<span class=\"price\">Desde <span class=\"woocommerce-Price-amount amount\"><bdi>6,50&nbsp;<span class=\"woocommerce-Price-currencySymbol\">&euro;<\/span><\/bdi><\/span><\/span>\n<\/a><\/li>\n<li class=\"product type-product post-704 status-publish last instock product_cat-pasteleria has-post-thumbnail taxable shipping-taxable purchasable product-type-variable\">\n\t<a href=\"https:\/\/www.turronesanasirvent.com\/index.php\/producto\/pan-de-cadiz\/\" class=\"woocommerce-LoopProduct-link woocommerce-loop-product__link\"><img loading=\"lazy\" decoding=\"async\" width=\"300\" height=\"180\" src=\"https:\/\/www.turronesanasirvent.com\/wp-content\/uploads\/2021\/07\/pan-de-cadiz-300x180.png\" class=\"attachment-woocommerce_thumbnail size-woocommerce_thumbnail\" alt=\"Pan de C\u00e1diz\" \/><h2 class=\"woocommerce-loop-product__title\">Pan de C\u00e1diz<\/h2>\n\t<span class=\"price\">Desde <span class=\"woocommerce-Price-amount amount\"><bdi>9,50&nbsp;<span class=\"woocommerce-Price-currencySymbol\">&euro;<\/span><\/bdi><\/span><\/span>\n<\/a><\/li>\n<li class=\"product type-product post-710 status-publish first outofstock product_cat-pasteleria has-post-thumbnail taxable shipping-taxable purchasable product-type-variable\">\n\t<a href=\"https:\/\/www.turronesanasirvent.com\/index.php\/producto\/emanadillas-yema\/\" class=\"woocommerce-LoopProduct-link woocommerce-loop-product__link\"><img loading=\"lazy\" decoding=\"async\" width=\"300\" height=\"180\" src=\"https:\/\/www.turronesanasirvent.com\/wp-content\/uploads\/2021\/07\/empanadillas-yema-300x180.png\" class=\"attachment-woocommerce_thumbnail size-woocommerce_thumbnail\" alt=\"Empanadillas de yema\" \/><h2 class=\"woocommerce-loop-product__title\">Empanadillas de yema<\/h2>\n\t<span class=\"price\">Desde <span class=\"woocommerce-Price-amount amount\"><bdi>7,50&nbsp;<span class=\"woocommerce-Price-currencySymbol\">&euro;<\/span><\/bdi><\/span><\/span>\n<\/a><\/li>\n<li class=\"product type-product post-717 status-publish outofstock product_cat-pasteleria has-post-thumbnail taxable shipping-taxable purchasable product-type-variable\">\n\t<a href=\"https:\/\/www.turronesanasirvent.com\/index.php\/producto\/pasteles-de-gloria\/\" class=\"woocommerce-LoopProduct-link woocommerce-loop-product__link\"><img loading=\"lazy\" decoding=\"async\" width=\"300\" height=\"180\" src=\"https:\/\/www.turronesanasirvent.com\/wp-content\/uploads\/2021\/07\/comprar-pasteles-de-yema-300x180.png\" class=\"attachment-woocommerce_thumbnail size-woocommerce_thumbnail\" alt=\"Pasteles de Gloria y Yema\" \/><h2 class=\"woocommerce-loop-product__title\">Pasteles de Gloria y Yema<\/h2>\n\t<span class=\"price\">Desde <span class=\"woocommerce-Price-amount amount\"><bdi>7,50&nbsp;<span class=\"woocommerce-Price-currencySymbol\">&euro;<\/span><\/bdi><\/span><\/span>\n<\/a><\/li>\n<li class=\"product type-product post-988 status-publish instock product_cat-pasteleria has-post-thumbnail taxable shipping-taxable purchasable product-type-variable\">\n\t<a href=\"https:\/\/www.turronesanasirvent.com\/index.php\/producto\/figuritas-de-mazapan\/\" class=\"woocommerce-LoopProduct-link woocommerce-loop-product__link\"><img loading=\"lazy\" decoding=\"async\" width=\"300\" height=\"180\" src=\"https:\/\/www.turronesanasirvent.com\/wp-content\/uploads\/2021\/08\/comprar-mazapan-300x180.png\" class=\"attachment-woocommerce_thumbnail size-woocommerce_thumbnail\" alt=\"Figuritas de mazapan\" \/><h2 class=\"woocommerce-loop-product__title\">Figuritas de mazapan<\/h2>\n\t<span class=\"price\">Desde <span class=\"woocommerce-Price-amount amount\"><bdi>7,50&nbsp;<span class=\"woocommerce-Price-currencySymbol\">&euro;<\/span><\/bdi><\/span><\/span>\n<\/a><\/li>\n<li class=\"product type-product post-992 status-publish last outofstock product_cat-pasteleria has-post-thumbnail taxable shipping-taxable purchasable product-type-simple\">\n\t<a href=\"https:\/\/www.turronesanasirvent.com\/index.php\/producto\/perritos-de-mazapan\/\" class=\"woocommerce-LoopProduct-link woocommerce-loop-product__link\"><img loading=\"lazy\" decoding=\"async\" width=\"300\" height=\"180\" src=\"https:\/\/www.turronesanasirvent.com\/wp-content\/uploads\/2021\/08\/comprar-perritos-mazapan-300x180.png\" class=\"attachment-woocommerce_thumbnail size-woocommerce_thumbnail\" alt=\"Perrito de mazap\u00e1n\" \/><h2 class=\"woocommerce-loop-product__title\">Perrito de mazap\u00e1n<\/h2>\n\t<span class=\"price\"><span class=\"woocommerce-Price-amount amount\"><bdi>5,50&nbsp;<span class=\"woocommerce-Price-currencySymbol\">&euro;<\/span><\/bdi><\/span><\/span>\n<\/a><\/li>\n<\/ul>\n<\/div>\t\t\t\t<\/div>\n\t\t\t\t<\/div>\n\t\t\t\t\t<\/div>\n\t\t<\/div>\n\t\t\t\t\t<\/div>\n\t\t<\/section>\n\t\t\t\t<\/div>\n\t\t","protected":false},"excerpt":{"rendered":"<p>Pasteler\u00eda Compra polvorones, mazapanes y pasteles En nuestro obrador de pasteler\u00eda damos forma a todos nuestros mazapanes de forma manual. Si eres m\u00e1s de polvorones, se deshacen en la boca con trocitos de almendra marcona \u00a1 Te encantar\u00e1n !<\/p>\n","protected":false},"author":1,"featured_media":0,"parent":0,"menu_order":0,"comment_status":"closed","ping_status":"closed","template":"","meta":{"_joinchat":[],"footnotes":""},"class_list":["post-677","page","type-page","status-publish","hentry"],"yoast_head":"<!-- This site is optimized with the Yoast SEO plugin v27.4 - https:\/\/yoast.com\/product\/yoast-seo-wordpress\/ -->\n<title>Pasteler\u00eda - Turrones Ana Sirvent<\/title>\n<meta name=\"robots\" content=\"index, follow, max-snippet:-1, max-image-preview:large, max-video-preview:-1\" \/>\n<link rel=\"canonical\" href=\"https:\/\/www.turronesanasirvent.com\/index.php\/borrador-automatico\/\" \/>\n<meta property=\"og:locale\" content=\"es_ES\" \/>\n<meta property=\"og:type\" content=\"article\" \/>\n<meta property=\"og:title\" content=\"Pasteler\u00eda - Turrones Ana Sirvent\" \/>\n<meta property=\"og:description\" content=\"Pasteler\u00eda Compra polvorones, mazapanes y pasteles En nuestro obrador de pasteler\u00eda damos forma a todos nuestros mazapanes de forma manual. Si eres m\u00e1s de polvorones, se deshacen en la boca con trocitos de almendra marcona \u00a1 Te encantar\u00e1n !\" \/>\n<meta property=\"og:url\" content=\"https:\/\/www.turronesanasirvent.com\/index.php\/borrador-automatico\/\" \/>\n<meta property=\"og:site_name\" content=\"Turrones Ana Sirvent\" \/>\n<meta property=\"article:modified_time\" content=\"2022-06-05T11:21:17+00:00\" \/>\n<meta name=\"twitter:card\" content=\"summary_large_image\" \/>\n<script type=\"application\/ld+json\" class=\"yoast-schema-graph\">{\"@context\":\"https:\\\/\\\/schema.org\",\"@graph\":[{\"@type\":\"WebPage\",\"@id\":\"https:\\\/\\\/www.turronesanasirvent.com\\\/index.php\\\/borrador-automatico\\\/\",\"url\":\"https:\\\/\\\/www.turronesanasirvent.com\\\/index.php\\\/borrador-automatico\\\/\",\"name\":\"Pasteler\u00eda - Turrones Ana Sirvent\",\"isPartOf\":{\"@id\":\"https:\\\/\\\/www.turronesanasirvent.com\\\/#website\"},\"datePublished\":\"2021-07-16T16:42:37+00:00\",\"dateModified\":\"2022-06-05T11:21:17+00:00\",\"breadcrumb\":{\"@id\":\"https:\\\/\\\/www.turronesanasirvent.com\\\/index.php\\\/borrador-automatico\\\/#breadcrumb\"},\"inLanguage\":\"es\",\"potentialAction\":[{\"@type\":\"ReadAction\",\"target\":[\"https:\\\/\\\/www.turronesanasirvent.com\\\/index.php\\\/borrador-automatico\\\/\"]}]},{\"@type\":\"BreadcrumbList\",\"@id\":\"https:\\\/\\\/www.turronesanasirvent.com\\\/index.php\\\/borrador-automatico\\\/#breadcrumb\",\"itemListElement\":[{\"@type\":\"ListItem\",\"position\":1,\"name\":\"Portada\",\"item\":\"https:\\\/\\\/www.turronesanasirvent.com\\\/\"},{\"@type\":\"ListItem\",\"position\":2,\"name\":\"Pasteler\u00eda\"}]},{\"@type\":\"WebSite\",\"@id\":\"https:\\\/\\\/www.turronesanasirvent.com\\\/#website\",\"url\":\"https:\\\/\\\/www.turronesanasirvent.com\\\/\",\"name\":\"Turrones Ana Sirvent\",\"description\":\"Tienda de turrones y dulces online\",\"publisher\":{\"@id\":\"https:\\\/\\\/www.turronesanasirvent.com\\\/#organization\"},\"potentialAction\":[{\"@type\":\"SearchAction\",\"target\":{\"@type\":\"EntryPoint\",\"urlTemplate\":\"https:\\\/\\\/www.turronesanasirvent.com\\\/?s={search_term_string}\"},\"query-input\":{\"@type\":\"PropertyValueSpecification\",\"valueRequired\":true,\"valueName\":\"search_term_string\"}}],\"inLanguage\":\"es\"},{\"@type\":\"Organization\",\"@id\":\"https:\\\/\\\/www.turronesanasirvent.com\\\/#organization\",\"name\":\"Turrones Ana Sirvent\",\"url\":\"https:\\\/\\\/www.turronesanasirvent.com\\\/\",\"logo\":{\"@type\":\"ImageObject\",\"inLanguage\":\"es\",\"@id\":\"https:\\\/\\\/www.turronesanasirvent.com\\\/#\\\/schema\\\/logo\\\/image\\\/\",\"url\":\"https:\\\/\\\/www.turronesanasirvent.com\\\/wp-content\\\/uploads\\\/2021\\\/04\\\/ETIQUETAS-ANA-SIRVENT-cuadrado-01.png\",\"contentUrl\":\"https:\\\/\\\/www.turronesanasirvent.com\\\/wp-content\\\/uploads\\\/2021\\\/04\\\/ETIQUETAS-ANA-SIRVENT-cuadrado-01.png\",\"width\":513,\"height\":513,\"caption\":\"Turrones Ana Sirvent\"},\"image\":{\"@id\":\"https:\\\/\\\/www.turronesanasirvent.com\\\/#\\\/schema\\\/logo\\\/image\\\/\"}}]}<\/script>\n<!-- \/ Yoast SEO plugin. -->","yoast_head_json":{"title":"Pasteler\u00eda - Turrones Ana Sirvent","robots":{"index":"index","follow":"follow","max-snippet":"max-snippet:-1","max-image-preview":"max-image-preview:large","max-video-preview":"max-video-preview:-1"},"canonical":"https:\/\/www.turronesanasirvent.com\/index.php\/borrador-automatico\/","og_locale":"es_ES","og_type":"article","og_title":"Pasteler\u00eda - Turrones Ana Sirvent","og_description":"Pasteler\u00eda Compra polvorones, mazapanes y pasteles En nuestro obrador de pasteler\u00eda damos forma a todos nuestros mazapanes de forma manual. Si eres m\u00e1s de polvorones, se deshacen en la boca con trocitos de almendra marcona \u00a1 Te encantar\u00e1n !","og_url":"https:\/\/www.turronesanasirvent.com\/index.php\/borrador-automatico\/","og_site_name":"Turrones Ana Sirvent","article_modified_time":"2022-06-05T11:21:17+00:00","twitter_card":"summary_large_image","schema":{"@context":"https:\/\/schema.org","@graph":[{"@type":"WebPage","@id":"https:\/\/www.turronesanasirvent.com\/index.php\/borrador-automatico\/","url":"https:\/\/www.turronesanasirvent.com\/index.php\/borrador-automatico\/","name":"Pasteler\u00eda - Turrones Ana Sirvent","isPartOf":{"@id":"https:\/\/www.turronesanasirvent.com\/#website"},"datePublished":"2021-07-16T16:42:37+00:00","dateModified":"2022-06-05T11:21:17+00:00","breadcrumb":{"@id":"https:\/\/www.turronesanasirvent.com\/index.php\/borrador-automatico\/#breadcrumb"},"inLanguage":"es","potentialAction":[{"@type":"ReadAction","target":["https:\/\/www.turronesanasirvent.com\/index.php\/borrador-automatico\/"]}]},{"@type":"BreadcrumbList","@id":"https:\/\/www.turronesanasirvent.com\/index.php\/borrador-automatico\/#breadcrumb","itemListElement":[{"@type":"ListItem","position":1,"name":"Portada","item":"https:\/\/www.turronesanasirvent.com\/"},{"@type":"ListItem","position":2,"name":"Pasteler\u00eda"}]},{"@type":"WebSite","@id":"https:\/\/www.turronesanasirvent.com\/#website","url":"https:\/\/www.turronesanasirvent.com\/","name":"Turrones Ana Sirvent","description":"Tienda de turrones y dulces online","publisher":{"@id":"https:\/\/www.turronesanasirvent.com\/#organization"},"potentialAction":[{"@type":"SearchAction","target":{"@type":"EntryPoint","urlTemplate":"https:\/\/www.turronesanasirvent.com\/?s={search_term_string}"},"query-input":{"@type":"PropertyValueSpecification","valueRequired":true,"valueName":"search_term_string"}}],"inLanguage":"es"},{"@type":"Organization","@id":"https:\/\/www.turronesanasirvent.com\/#organization","name":"Turrones Ana Sirvent","url":"https:\/\/www.turronesanasirvent.com\/","logo":{"@type":"ImageObject","inLanguage":"es","@id":"https:\/\/www.turronesanasirvent.com\/#\/schema\/logo\/image\/","url":"https:\/\/www.turronesanasirvent.com\/wp-content\/uploads\/2021\/04\/ETIQUETAS-ANA-SIRVENT-cuadrado-01.png","contentUrl":"https:\/\/www.turronesanasirvent.com\/wp-content\/uploads\/2021\/04\/ETIQUETAS-ANA-SIRVENT-cuadrado-01.png","width":513,"height":513,"caption":"Turrones Ana Sirvent"},"image":{"@id":"https:\/\/www.turronesanasirvent.com\/#\/schema\/logo\/image\/"}}]}},"_links":{"self":[{"href":"https:\/\/www.turronesanasirvent.com\/index.php\/wp-json\/wp\/v2\/pages\/677","targetHints":{"allow":["GET"]}}],"collection":[{"href":"https:\/\/www.turronesanasirvent.com\/index.php\/wp-json\/wp\/v2\/pages"}],"about":[{"href":"https:\/\/www.turronesanasirvent.com\/index.php\/wp-json\/wp\/v2\/types\/page"}],"author":[{"embeddable":true,"href":"https:\/\/www.turronesanasirvent.com\/index.php\/wp-json\/wp\/v2\/users\/1"}],"replies":[{"embeddable":true,"href":"https:\/\/www.turronesanasirvent.com\/index.php\/wp-json\/wp\/v2\/comments?post=677"}],"version-history":[{"count":37,"href":"https:\/\/www.turronesanasirvent.com\/index.php\/wp-json\/wp\/v2\/pages\/677\/revisions"}],"predecessor-version":[{"id":1333,"href":"https:\/\/www.turronesanasirvent.com\/index.php\/wp-json\/wp\/v2\/pages\/677\/revisions\/1333"}],"wp:attachment":[{"href":"https:\/\/www.turronesanasirvent.com\/index.php\/wp-json\/wp\/v2\/media?parent=677"}],"curies":[{"name":"wp","href":"https:\/\/api.w.org\/{rel}","templated":true}]}}