{"id":108,"date":"2021-04-06T12:30:18","date_gmt":"2021-04-06T12:30:18","guid":{"rendered":"https:\/\/localhost\/wordpressAnaSirvent\/?post_type=product&#038;p=108"},"modified":"2024-10-03T14:46:33","modified_gmt":"2024-10-03T12:46:33","slug":"lote-navidad","status":"publish","type":"product","link":"https:\/\/www.turronesanasirvent.com\/index.php\/producto\/lote-navidad\/","title":{"rendered":"Lote Navidad"},"content":{"rendered":"<p><strong>Ingredientes:<\/strong><\/p>\n<p>Almendra marcona (65%), miel de naranjo (16%), elaborado sobre una fina oblea (f\u00e9cula de patata, aceite de girasol). Puede contener trazas de frutos de c\u00e1scara y s\u00e9samo.<\/p>\n<p><strong>Informaci\u00f3n nutricional:<\/strong><\/p>\n<p><strong><img fetchpriority=\"high\" decoding=\"async\" class=\"alignnone wp-image-62\" src=\"https:\/\/localhost\/wordpressAnaSirvent\/wp-content\/uploads\/2021\/03\/Informaci_n_nutricional_Turr_n_de_Alicante-300x110.png\" alt=\"\" width=\"388\" height=\"142\" srcset=\"https:\/\/www.turronesanasirvent.com\/wp-content\/uploads\/2021\/03\/Informaci_n_nutricional_Turr_n_de_Alicante-300x110.png 300w, https:\/\/www.turronesanasirvent.com\/wp-content\/uploads\/2021\/03\/Informaci_n_nutricional_Turr_n_de_Alicante.png 556w\" sizes=\"(max-width: 388px) 100vw, 388px\" \/><\/strong><\/p>\n","protected":false},"excerpt":{"rendered":"<p>El\u00a0<strong>turr\u00f3n de Alicante<\/strong>\u00a0o\u00a0<strong>turr\u00f3n duro<\/strong>, es un dulce compuesto principalmente por almendra tostada, az\u00facar, miel, y clara de huevo. La clara de huevo es lo que le da la textura dura y le da el color blanco.<\/p>\n<p><strong>Turr\u00f3n Alicante artesano\u00a0<\/strong>en formato barra de 300 gramos.<\/p>\n<p>Turr\u00f3n duro<strong>\u00a0con Denominaci\u00f3n de Origen<\/strong>\u00a0y producci\u00f3n limitada. Es uno de los m\u00e1s valorados y premiados.<\/p>\n<p><img decoding=\"async\" class=\"alignnone wp-image-63\" src=\"https:\/\/localhost\/wordpressAnaSirvent\/wp-content\/uploads\/2021\/03\/singluten.png\" alt=\"\" width=\"89\" height=\"93\" \/>\u00a0<img decoding=\"async\" class=\"alignnone wp-image-65\" src=\"https:\/\/localhost\/wordpressAnaSirvent\/wp-content\/uploads\/2021\/03\/sin-azucar.png\" alt=\"\" width=\"90\" height=\"94\" \/><img loading=\"lazy\" decoding=\"async\" class=\"alignnone wp-image-64\" src=\"https:\/\/localhost\/wordpressAnaSirvent\/wp-content\/uploads\/2021\/03\/Consejo_Regulador_Jijona-238x300.jpeg\" alt=\"\" width=\"84\" height=\"106\" srcset=\"https:\/\/www.turronesanasirvent.com\/wp-content\/uploads\/2021\/03\/Consejo_Regulador_Jijona-238x300.jpeg 238w, https:\/\/www.turronesanasirvent.com\/wp-content\/uploads\/2021\/03\/Consejo_Regulador_Jijona-600x758.jpeg 600w, https:\/\/www.turronesanasirvent.com\/wp-content\/uploads\/2021\/03\/Consejo_Regulador_Jijona.jpeg 730w\" sizes=\"(max-width: 84px) 100vw, 84px\" \/><img loading=\"lazy\" decoding=\"async\" class=\"alignnone wp-image-66\" src=\"https:\/\/localhost\/wordpressAnaSirvent\/wp-content\/uploads\/2021\/03\/indicacion-geografica-protegida-logo.png\" alt=\"\" width=\"94\" height=\"94\" srcset=\"https:\/\/www.turronesanasirvent.com\/wp-content\/uploads\/2021\/03\/indicacion-geografica-protegida-logo.png 300w, https:\/\/www.turronesanasirvent.com\/wp-content\/uploads\/2021\/03\/indicacion-geografica-protegida-logo-100x100.png 100w, https:\/\/www.turronesanasirvent.com\/wp-content\/uploads\/2021\/03\/indicacion-geografica-protegida-logo-150x150.png 150w, https:\/\/www.turronesanasirvent.com\/wp-content\/uploads\/2021\/03\/elementor\/thumbs\/indicacion-geografica-protegida-logo-pu5xix1aim3jkilbbb7iqr8lxipxpys11isttohnn0.png 62w\" sizes=\"(max-width: 94px) 100vw, 94px\" \/><\/p>\n","protected":false},"featured_media":83,"comment_status":"open","ping_status":"closed","template":"","meta":{"_joinchat":[]},"product_brand":[],"product_cat":[26],"product_tag":[],"class_list":{"0":"post-108","1":"product","2":"type-product","3":"status-publish","4":"has-post-thumbnail","6":"product_cat-lotes","8":"first","9":"instock","10":"taxable","11":"shipping-taxable","12":"purchasable","13":"product-type-simple"},"yoast_head":"<!-- This site is optimized with the Yoast SEO plugin v27.4 - https:\/\/yoast.com\/product\/yoast-seo-wordpress\/ -->\n<title>Lote Navidad - Turrones Ana Sirvent<\/title>\n<meta name=\"robots\" content=\"index, follow, max-snippet:-1, max-image-preview:large, max-video-preview:-1\" \/>\n<link rel=\"canonical\" href=\"https:\/\/www.turronesanasirvent.com\/index.php\/producto\/lote-navidad\/\" \/>\n<meta property=\"og:locale\" content=\"es_ES\" \/>\n<meta property=\"og:type\" content=\"article\" \/>\n<meta property=\"og:title\" content=\"Lote Navidad - Turrones Ana Sirvent\" \/>\n<meta property=\"og:description\" content=\"El\u00a0turr\u00f3n de Alicante\u00a0o\u00a0turr\u00f3n duro, es un dulce compuesto principalmente por almendra tostada, az\u00facar, miel, y clara de huevo. La clara de huevo es lo que le da la textura dura y le da el color blanco.  Turr\u00f3n Alicante artesano\u00a0en formato barra de 300 gramos.  Turr\u00f3n duro\u00a0con Denominaci\u00f3n de Origen\u00a0y producci\u00f3n limitada. Es uno de los m\u00e1s valorados y premiados.  \u00a0\" \/>\n<meta property=\"og:url\" content=\"https:\/\/www.turronesanasirvent.com\/index.php\/producto\/lote-navidad\/\" \/>\n<meta property=\"og:site_name\" content=\"Turrones Ana Sirvent\" \/>\n<meta property=\"article:modified_time\" content=\"2024-10-03T12:46:33+00:00\" \/>\n<meta property=\"og:image\" content=\"https:\/\/www.turronesanasirvent.com\/wp-content\/uploads\/2021\/04\/lote1-01.png\" \/>\n\t<meta property=\"og:image:width\" content=\"601\" \/>\n\t<meta property=\"og:image:height\" content=\"601\" \/>\n\t<meta property=\"og:image:type\" content=\"image\/png\" \/>\n<meta name=\"twitter:card\" content=\"summary_large_image\" \/>\n<meta name=\"twitter:label1\" content=\"Tiempo de lectura\" \/>\n\t<meta name=\"twitter:data1\" content=\"1 minuto\" \/>\n<script type=\"application\/ld+json\" class=\"yoast-schema-graph\">{\"@context\":\"https:\\\/\\\/schema.org\",\"@graph\":[{\"@type\":\"WebPage\",\"@id\":\"https:\\\/\\\/www.turronesanasirvent.com\\\/index.php\\\/producto\\\/lote-navidad\\\/\",\"url\":\"https:\\\/\\\/www.turronesanasirvent.com\\\/index.php\\\/producto\\\/lote-navidad\\\/\",\"name\":\"Lote Navidad - Turrones Ana Sirvent\",\"isPartOf\":{\"@id\":\"https:\\\/\\\/www.turronesanasirvent.com\\\/#website\"},\"primaryImageOfPage\":{\"@id\":\"https:\\\/\\\/www.turronesanasirvent.com\\\/index.php\\\/producto\\\/lote-navidad\\\/#primaryimage\"},\"image\":{\"@id\":\"https:\\\/\\\/www.turronesanasirvent.com\\\/index.php\\\/producto\\\/lote-navidad\\\/#primaryimage\"},\"thumbnailUrl\":\"https:\\\/\\\/www.turronesanasirvent.com\\\/wp-content\\\/uploads\\\/2021\\\/04\\\/lote1-01.png\",\"datePublished\":\"2021-04-06T12:30:18+00:00\",\"dateModified\":\"2024-10-03T12:46:33+00:00\",\"breadcrumb\":{\"@id\":\"https:\\\/\\\/www.turronesanasirvent.com\\\/index.php\\\/producto\\\/lote-navidad\\\/#breadcrumb\"},\"inLanguage\":\"es\",\"potentialAction\":[{\"@type\":\"ReadAction\",\"target\":[\"https:\\\/\\\/www.turronesanasirvent.com\\\/index.php\\\/producto\\\/lote-navidad\\\/\"]}]},{\"@type\":\"ImageObject\",\"inLanguage\":\"es\",\"@id\":\"https:\\\/\\\/www.turronesanasirvent.com\\\/index.php\\\/producto\\\/lote-navidad\\\/#primaryimage\",\"url\":\"https:\\\/\\\/www.turronesanasirvent.com\\\/wp-content\\\/uploads\\\/2021\\\/04\\\/lote1-01.png\",\"contentUrl\":\"https:\\\/\\\/www.turronesanasirvent.com\\\/wp-content\\\/uploads\\\/2021\\\/04\\\/lote1-01.png\",\"width\":601,\"height\":601},{\"@type\":\"BreadcrumbList\",\"@id\":\"https:\\\/\\\/www.turronesanasirvent.com\\\/index.php\\\/producto\\\/lote-navidad\\\/#breadcrumb\",\"itemListElement\":[{\"@type\":\"ListItem\",\"position\":1,\"name\":\"Portada\",\"item\":\"https:\\\/\\\/www.turronesanasirvent.com\\\/\"},{\"@type\":\"ListItem\",\"position\":2,\"name\":\"Tienda\",\"item\":\"https:\\\/\\\/www.turronesanasirvent.com\\\/index.php\\\/tienda\\\/\"},{\"@type\":\"ListItem\",\"position\":3,\"name\":\"Lote Navidad\"}]},{\"@type\":\"WebSite\",\"@id\":\"https:\\\/\\\/www.turronesanasirvent.com\\\/#website\",\"url\":\"https:\\\/\\\/www.turronesanasirvent.com\\\/\",\"name\":\"Turrones Ana Sirvent\",\"description\":\"Tienda de turrones y dulces online\",\"publisher\":{\"@id\":\"https:\\\/\\\/www.turronesanasirvent.com\\\/#organization\"},\"potentialAction\":[{\"@type\":\"SearchAction\",\"target\":{\"@type\":\"EntryPoint\",\"urlTemplate\":\"https:\\\/\\\/www.turronesanasirvent.com\\\/?s={search_term_string}\"},\"query-input\":{\"@type\":\"PropertyValueSpecification\",\"valueRequired\":true,\"valueName\":\"search_term_string\"}}],\"inLanguage\":\"es\"},{\"@type\":\"Organization\",\"@id\":\"https:\\\/\\\/www.turronesanasirvent.com\\\/#organization\",\"name\":\"Turrones Ana Sirvent\",\"url\":\"https:\\\/\\\/www.turronesanasirvent.com\\\/\",\"logo\":{\"@type\":\"ImageObject\",\"inLanguage\":\"es\",\"@id\":\"https:\\\/\\\/www.turronesanasirvent.com\\\/#\\\/schema\\\/logo\\\/image\\\/\",\"url\":\"https:\\\/\\\/www.turronesanasirvent.com\\\/wp-content\\\/uploads\\\/2021\\\/04\\\/ETIQUETAS-ANA-SIRVENT-cuadrado-01.png\",\"contentUrl\":\"https:\\\/\\\/www.turronesanasirvent.com\\\/wp-content\\\/uploads\\\/2021\\\/04\\\/ETIQUETAS-ANA-SIRVENT-cuadrado-01.png\",\"width\":513,\"height\":513,\"caption\":\"Turrones Ana Sirvent\"},\"image\":{\"@id\":\"https:\\\/\\\/www.turronesanasirvent.com\\\/#\\\/schema\\\/logo\\\/image\\\/\"}}]}<\/script>\n<!-- \/ Yoast SEO plugin. -->","yoast_head_json":{"title":"Lote Navidad - Turrones Ana Sirvent","robots":{"index":"index","follow":"follow","max-snippet":"max-snippet:-1","max-image-preview":"max-image-preview:large","max-video-preview":"max-video-preview:-1"},"canonical":"https:\/\/www.turronesanasirvent.com\/index.php\/producto\/lote-navidad\/","og_locale":"es_ES","og_type":"article","og_title":"Lote Navidad - Turrones Ana Sirvent","og_description":"El\u00a0turr\u00f3n de Alicante\u00a0o\u00a0turr\u00f3n duro, es un dulce compuesto principalmente por almendra tostada, az\u00facar, miel, y clara de huevo. La clara de huevo es lo que le da la textura dura y le da el color blanco.  Turr\u00f3n Alicante artesano\u00a0en formato barra de 300 gramos.  Turr\u00f3n duro\u00a0con Denominaci\u00f3n de Origen\u00a0y producci\u00f3n limitada. Es uno de los m\u00e1s valorados y premiados.  \u00a0","og_url":"https:\/\/www.turronesanasirvent.com\/index.php\/producto\/lote-navidad\/","og_site_name":"Turrones Ana Sirvent","article_modified_time":"2024-10-03T12:46:33+00:00","og_image":[{"width":601,"height":601,"url":"https:\/\/www.turronesanasirvent.com\/wp-content\/uploads\/2021\/04\/lote1-01.png","type":"image\/png"}],"twitter_card":"summary_large_image","twitter_misc":{"Tiempo de lectura":"1 minuto"},"schema":{"@context":"https:\/\/schema.org","@graph":[{"@type":"WebPage","@id":"https:\/\/www.turronesanasirvent.com\/index.php\/producto\/lote-navidad\/","url":"https:\/\/www.turronesanasirvent.com\/index.php\/producto\/lote-navidad\/","name":"Lote Navidad - Turrones Ana Sirvent","isPartOf":{"@id":"https:\/\/www.turronesanasirvent.com\/#website"},"primaryImageOfPage":{"@id":"https:\/\/www.turronesanasirvent.com\/index.php\/producto\/lote-navidad\/#primaryimage"},"image":{"@id":"https:\/\/www.turronesanasirvent.com\/index.php\/producto\/lote-navidad\/#primaryimage"},"thumbnailUrl":"https:\/\/www.turronesanasirvent.com\/wp-content\/uploads\/2021\/04\/lote1-01.png","datePublished":"2021-04-06T12:30:18+00:00","dateModified":"2024-10-03T12:46:33+00:00","breadcrumb":{"@id":"https:\/\/www.turronesanasirvent.com\/index.php\/producto\/lote-navidad\/#breadcrumb"},"inLanguage":"es","potentialAction":[{"@type":"ReadAction","target":["https:\/\/www.turronesanasirvent.com\/index.php\/producto\/lote-navidad\/"]}]},{"@type":"ImageObject","inLanguage":"es","@id":"https:\/\/www.turronesanasirvent.com\/index.php\/producto\/lote-navidad\/#primaryimage","url":"https:\/\/www.turronesanasirvent.com\/wp-content\/uploads\/2021\/04\/lote1-01.png","contentUrl":"https:\/\/www.turronesanasirvent.com\/wp-content\/uploads\/2021\/04\/lote1-01.png","width":601,"height":601},{"@type":"BreadcrumbList","@id":"https:\/\/www.turronesanasirvent.com\/index.php\/producto\/lote-navidad\/#breadcrumb","itemListElement":[{"@type":"ListItem","position":1,"name":"Portada","item":"https:\/\/www.turronesanasirvent.com\/"},{"@type":"ListItem","position":2,"name":"Tienda","item":"https:\/\/www.turronesanasirvent.com\/index.php\/tienda\/"},{"@type":"ListItem","position":3,"name":"Lote Navidad"}]},{"@type":"WebSite","@id":"https:\/\/www.turronesanasirvent.com\/#website","url":"https:\/\/www.turronesanasirvent.com\/","name":"Turrones Ana Sirvent","description":"Tienda de turrones y dulces online","publisher":{"@id":"https:\/\/www.turronesanasirvent.com\/#organization"},"potentialAction":[{"@type":"SearchAction","target":{"@type":"EntryPoint","urlTemplate":"https:\/\/www.turronesanasirvent.com\/?s={search_term_string}"},"query-input":{"@type":"PropertyValueSpecification","valueRequired":true,"valueName":"search_term_string"}}],"inLanguage":"es"},{"@type":"Organization","@id":"https:\/\/www.turronesanasirvent.com\/#organization","name":"Turrones Ana Sirvent","url":"https:\/\/www.turronesanasirvent.com\/","logo":{"@type":"ImageObject","inLanguage":"es","@id":"https:\/\/www.turronesanasirvent.com\/#\/schema\/logo\/image\/","url":"https:\/\/www.turronesanasirvent.com\/wp-content\/uploads\/2021\/04\/ETIQUETAS-ANA-SIRVENT-cuadrado-01.png","contentUrl":"https:\/\/www.turronesanasirvent.com\/wp-content\/uploads\/2021\/04\/ETIQUETAS-ANA-SIRVENT-cuadrado-01.png","width":513,"height":513,"caption":"Turrones Ana Sirvent"},"image":{"@id":"https:\/\/www.turronesanasirvent.com\/#\/schema\/logo\/image\/"}}]}},"_links":{"self":[{"href":"https:\/\/www.turronesanasirvent.com\/index.php\/wp-json\/wp\/v2\/product\/108","targetHints":{"allow":["GET"]}}],"collection":[{"href":"https:\/\/www.turronesanasirvent.com\/index.php\/wp-json\/wp\/v2\/product"}],"about":[{"href":"https:\/\/www.turronesanasirvent.com\/index.php\/wp-json\/wp\/v2\/types\/product"}],"replies":[{"embeddable":true,"href":"https:\/\/www.turronesanasirvent.com\/index.php\/wp-json\/wp\/v2\/comments?post=108"}],"wp:featuredmedia":[{"embeddable":true,"href":"https:\/\/www.turronesanasirvent.com\/index.php\/wp-json\/wp\/v2\/media\/83"}],"wp:attachment":[{"href":"https:\/\/www.turronesanasirvent.com\/index.php\/wp-json\/wp\/v2\/media?parent=108"}],"wp:term":[{"taxonomy":"product_brand","embeddable":true,"href":"https:\/\/www.turronesanasirvent.com\/index.php\/wp-json\/wp\/v2\/product_brand?post=108"},{"taxonomy":"product_cat","embeddable":true,"href":"https:\/\/www.turronesanasirvent.com\/index.php\/wp-json\/wp\/v2\/product_cat?post=108"},{"taxonomy":"product_tag","embeddable":true,"href":"https:\/\/www.turronesanasirvent.com\/index.php\/wp-json\/wp\/v2\/product_tag?post=108"}],"curies":[{"name":"wp","href":"https:\/\/api.w.org\/{rel}","templated":true}]}}