{"id":470,"date":"2021-07-09T09:40:01","date_gmt":"2021-07-09T09:40:01","guid":{"rendered":"https:\/\/www.turronesanasirvent.com\/?post_type=product&#038;p=470"},"modified":"2025-12-28T19:42:06","modified_gmt":"2025-12-28T17:42:06","slug":"turron-de-alicante-artesano-calidad-suprema","status":"publish","type":"product","link":"https:\/\/www.turronesanasirvent.com\/index.php\/producto\/turron-de-alicante-artesano-calidad-suprema\/","title":{"rendered":"Turr\u00f3n de Alicante Artesano Calidad Suprema"},"content":{"rendered":"<p><strong>Ingredientes: <\/strong>ALMENDRAS marcona TOSTADAS (65%), AZ\u00daCAR, MIEL (16%), OBLEA (f\u00e9cula<\/p>\n<div class=\"page\" title=\"Page 1\">\n<div class=\"section\">\n<div class=\"layoutArea\">\n<div class=\"column\">\n<p>de patata y aceite de girasol) Y CLARA DE HUEVO.<\/p>\n<\/div>\n<\/div>\n<\/div>\n<\/div>\n<p><strong>Informaci\u00f3n nutricional:<\/strong><\/p>\n<table style=\"border-collapse: collapse; width: 89.7098%; height: 96px;\">\n<tbody>\n<tr style=\"height: 24px;\">\n<td style=\"width: 25%; height: 24px;\"><strong>Valor energe\u0301tico<\/strong><\/td>\n<td style=\"width: 21.6176%; height: 24px;\">\u00a02.310 kJ \/ 550 kCal<\/td>\n<td style=\"width: 27.8527%; height: 24px;\"><strong>Grasas<\/strong><\/td>\n<td style=\"width: 15.2395%; height: 24px;\">37 g<\/td>\n<\/tr>\n<tr style=\"height: 24px;\">\n<td style=\"width: 25%; height: 24px;\"><strong>Hidratos de carbono<\/strong><\/td>\n<td style=\"width: 21.6176%; height: 24px;\">37 g<\/td>\n<td style=\"width: 27.8527%; height: 24px;\"><strong>A\u0301cidos grasos saturados<\/strong><\/td>\n<td style=\"width: 15.2395%; height: 24px;\">\u00a03 g<\/td>\n<\/tr>\n<tr style=\"height: 24px;\">\n<td style=\"width: 25%; height: 24px;\"><strong>de los cuales azu\u0301cares<\/strong><\/td>\n<td style=\"width: 21.6176%; height: 24px;\">\u00a035 g<\/td>\n<td style=\"width: 27.8527%; height: 24px;\"><strong>Sal<\/strong><\/td>\n<td style=\"width: 15.2395%; height: 24px;\">0,10 g<\/td>\n<\/tr>\n<tr style=\"height: 24px;\">\n<td style=\"width: 25%; height: 24px;\"><strong>Prote\u00ednas<\/strong><\/td>\n<td style=\"width: 21.6176%; height: 24px;\">\u00a017 g<\/td>\n<td style=\"width: 27.8527%; height: 24px;\"><\/td>\n<td style=\"width: 15.2395%; height: 24px;\"><\/td>\n<\/tr>\n<\/tbody>\n<\/table>\n<p><em>Valores nutricionales medios por 100g<\/em><\/p>\n<p><strong>Al\u00e9rgenos: <\/strong>Contiene almendra y huevo. Puede contener trazas de s\u00e9samo y derivados.<\/p>\n<p>&nbsp;<\/p>\n","protected":false},"excerpt":{"rendered":"<p><span style=\"font-weight: 400;\">El <\/span><b>turr\u00f3n de Alicante<\/b><span style=\"font-weight: 400;\"> o <\/span><b>turr\u00f3n duro<\/b><span style=\"font-weight: 400;\"> es un dulce elaborado con almendras <\/span><b>MARCONAS<\/b><span style=\"font-weight: 400;\">, ligeramente tostadas, az\u00facar, miel y clara de huevo.<\/span><span style=\"font-weight: 400;\"> A diferencia del turr\u00f3n de Jijona, la almendra se mantiene entera y la clara de huevo le proporciona ese color blanco tan caracter\u00edstico.<\/span><\/p>\n<p><span style=\"font-weight: 400;\">Adem\u00e1s, este turr\u00f3n <\/span><b>con Denominaci\u00f3n de Origen <\/b><span style=\"font-weight: 400;\">est\u00e1 protegido por el Consejo Regulador <\/span><b>de Jijona,<\/b><span style=\"font-weight: 400;\"> quien nos garantiza un <\/span><b>65% de almendra MARCONA<\/b><span style=\"font-weight: 400;\"> y 16 % miel de naranjo de la Comunidad Valenciana, as\u00ed como por la INDICACI\u00d3N GEOGR\u00c1FICA PROTEGIDA.<\/span><\/p>\n<p><span style=\"font-weight: 400;\">Este<\/span><b> turr\u00f3n artesano<\/b><span style=\"font-weight: 400;\"> barra a barra es un alimento con <\/span><b>m\u00faltiples beneficios<\/b><span style=\"font-weight: 400;\">, sobre todo para deportistas debido a su alto contenido en <\/span><b>prote\u00ednas y minerales<\/b><span style=\"font-weight: 400;\">. <\/span><span style=\"font-weight: 400;\">Libre de colesterol y su alta cantidad de vitamina D fomenta el fortalecimiento de la piel y huesos.<\/span><\/p>\n<p><span style=\"font-weight: 400;\">Disponemos de su fabricaci\u00f3n todo el a\u00f1o en formato barra de 300 y 500g.<\/span><\/p>\n<p><img decoding=\"async\" class=\"alignnone wp-image-63\" src=\"https:\/\/www.turronesanasirvent.com\/wp-content\/uploads\/2021\/03\/singluten.png\" alt=\"\" width=\"100\" height=\"105\" \/><img decoding=\"async\" class=\"alignnone wp-image-65\" src=\"https:\/\/www.turronesanasirvent.com\/wp-content\/uploads\/2021\/03\/sin-azucar.png\" alt=\"\" width=\"100\" height=\"105\" \/><\/p>\n","protected":false},"featured_media":847,"comment_status":"open","ping_status":"closed","template":"","meta":{"_joinchat":[]},"product_brand":[],"product_cat":[23],"product_tag":[],"class_list":{"0":"post-470","1":"product","2":"type-product","3":"status-publish","4":"has-post-thumbnail","6":"product_cat-turron","8":"first","9":"instock","10":"taxable","11":"shipping-taxable","12":"purchasable","13":"product-type-variable"},"yoast_head":"<!-- This site is optimized with the Yoast SEO plugin v27.4 - https:\/\/yoast.com\/product\/yoast-seo-wordpress\/ -->\n<title>Turr\u00f3n de Alicante Artesano Calidad Suprema - Turrones Ana Sirvent<\/title>\n<meta name=\"robots\" content=\"index, follow, max-snippet:-1, max-image-preview:large, max-video-preview:-1\" \/>\n<link rel=\"canonical\" href=\"https:\/\/www.turronesanasirvent.com\/index.php\/producto\/turron-de-alicante-artesano-calidad-suprema\/\" \/>\n<meta property=\"og:locale\" content=\"es_ES\" \/>\n<meta property=\"og:type\" content=\"article\" \/>\n<meta property=\"og:title\" content=\"Turr\u00f3n de Alicante Artesano Calidad Suprema - Turrones Ana Sirvent\" \/>\n<meta property=\"og:description\" content=\"El turr\u00f3n de Alicante o turr\u00f3n duro es un dulce elaborado con almendras MARCONAS, ligeramente tostadas, az\u00facar, miel y clara de huevo. A diferencia del turr\u00f3n de Jijona, la almendra se mantiene entera y la clara de huevo le proporciona ese color blanco tan caracter\u00edstico.  Adem\u00e1s, este turr\u00f3n con Denominaci\u00f3n de Origen est\u00e1 protegido por el Consejo Regulador de Jijona, quien nos garantiza un 65% de almendra MARCONA y 16 % miel de naranjo de la Comunidad Valenciana, as\u00ed como por la INDICACI\u00d3N GEOGR\u00c1FICA PROTEGIDA.  Este turr\u00f3n artesano barra a barra es un alimento con m\u00faltiples beneficios, sobre todo para deportistas debido a su alto contenido en prote\u00ednas y minerales. Libre de colesterol y su alta cantidad de vitamina D fomenta el fortalecimiento de la piel y huesos.  Disponemos de su fabricaci\u00f3n todo el a\u00f1o en formato barra de 300 y 500g.\" \/>\n<meta property=\"og:url\" content=\"https:\/\/www.turronesanasirvent.com\/index.php\/producto\/turron-de-alicante-artesano-calidad-suprema\/\" \/>\n<meta property=\"og:site_name\" content=\"Turrones Ana Sirvent\" \/>\n<meta property=\"article:modified_time\" content=\"2025-12-28T17:42:06+00:00\" \/>\n<meta property=\"og:image\" content=\"https:\/\/www.turronesanasirvent.com\/wp-content\/uploads\/2021\/07\/turron-de-alicante-barato.png\" \/>\n\t<meta property=\"og:image:width\" content=\"612\" \/>\n\t<meta property=\"og:image:height\" content=\"408\" \/>\n\t<meta property=\"og:image:type\" content=\"image\/png\" \/>\n<meta name=\"twitter:card\" content=\"summary_large_image\" \/>\n<meta name=\"twitter:label1\" content=\"Tiempo de lectura\" \/>\n\t<meta name=\"twitter:data1\" content=\"1 minuto\" \/>\n<script type=\"application\/ld+json\" class=\"yoast-schema-graph\">{\"@context\":\"https:\\\/\\\/schema.org\",\"@graph\":[{\"@type\":\"WebPage\",\"@id\":\"https:\\\/\\\/www.turronesanasirvent.com\\\/index.php\\\/producto\\\/turron-de-alicante-artesano-calidad-suprema\\\/\",\"url\":\"https:\\\/\\\/www.turronesanasirvent.com\\\/index.php\\\/producto\\\/turron-de-alicante-artesano-calidad-suprema\\\/\",\"name\":\"Turr\u00f3n de Alicante Artesano Calidad Suprema - Turrones Ana Sirvent\",\"isPartOf\":{\"@id\":\"https:\\\/\\\/www.turronesanasirvent.com\\\/#website\"},\"primaryImageOfPage\":{\"@id\":\"https:\\\/\\\/www.turronesanasirvent.com\\\/index.php\\\/producto\\\/turron-de-alicante-artesano-calidad-suprema\\\/#primaryimage\"},\"image\":{\"@id\":\"https:\\\/\\\/www.turronesanasirvent.com\\\/index.php\\\/producto\\\/turron-de-alicante-artesano-calidad-suprema\\\/#primaryimage\"},\"thumbnailUrl\":\"https:\\\/\\\/www.turronesanasirvent.com\\\/wp-content\\\/uploads\\\/2021\\\/07\\\/turron-de-alicante-barato.png\",\"datePublished\":\"2021-07-09T09:40:01+00:00\",\"dateModified\":\"2025-12-28T17:42:06+00:00\",\"breadcrumb\":{\"@id\":\"https:\\\/\\\/www.turronesanasirvent.com\\\/index.php\\\/producto\\\/turron-de-alicante-artesano-calidad-suprema\\\/#breadcrumb\"},\"inLanguage\":\"es\",\"potentialAction\":[{\"@type\":\"ReadAction\",\"target\":[\"https:\\\/\\\/www.turronesanasirvent.com\\\/index.php\\\/producto\\\/turron-de-alicante-artesano-calidad-suprema\\\/\"]}]},{\"@type\":\"ImageObject\",\"inLanguage\":\"es\",\"@id\":\"https:\\\/\\\/www.turronesanasirvent.com\\\/index.php\\\/producto\\\/turron-de-alicante-artesano-calidad-suprema\\\/#primaryimage\",\"url\":\"https:\\\/\\\/www.turronesanasirvent.com\\\/wp-content\\\/uploads\\\/2021\\\/07\\\/turron-de-alicante-barato.png\",\"contentUrl\":\"https:\\\/\\\/www.turronesanasirvent.com\\\/wp-content\\\/uploads\\\/2021\\\/07\\\/turron-de-alicante-barato.png\",\"width\":612,\"height\":408},{\"@type\":\"BreadcrumbList\",\"@id\":\"https:\\\/\\\/www.turronesanasirvent.com\\\/index.php\\\/producto\\\/turron-de-alicante-artesano-calidad-suprema\\\/#breadcrumb\",\"itemListElement\":[{\"@type\":\"ListItem\",\"position\":1,\"name\":\"Portada\",\"item\":\"https:\\\/\\\/www.turronesanasirvent.com\\\/\"},{\"@type\":\"ListItem\",\"position\":2,\"name\":\"Tienda\",\"item\":\"https:\\\/\\\/www.turronesanasirvent.com\\\/index.php\\\/tienda\\\/\"},{\"@type\":\"ListItem\",\"position\":3,\"name\":\"Turr\u00f3n de Alicante Artesano Calidad Suprema\"}]},{\"@type\":\"WebSite\",\"@id\":\"https:\\\/\\\/www.turronesanasirvent.com\\\/#website\",\"url\":\"https:\\\/\\\/www.turronesanasirvent.com\\\/\",\"name\":\"Turrones Ana Sirvent\",\"description\":\"Tienda de turrones y dulces online\",\"publisher\":{\"@id\":\"https:\\\/\\\/www.turronesanasirvent.com\\\/#organization\"},\"potentialAction\":[{\"@type\":\"SearchAction\",\"target\":{\"@type\":\"EntryPoint\",\"urlTemplate\":\"https:\\\/\\\/www.turronesanasirvent.com\\\/?s={search_term_string}\"},\"query-input\":{\"@type\":\"PropertyValueSpecification\",\"valueRequired\":true,\"valueName\":\"search_term_string\"}}],\"inLanguage\":\"es\"},{\"@type\":\"Organization\",\"@id\":\"https:\\\/\\\/www.turronesanasirvent.com\\\/#organization\",\"name\":\"Turrones Ana Sirvent\",\"url\":\"https:\\\/\\\/www.turronesanasirvent.com\\\/\",\"logo\":{\"@type\":\"ImageObject\",\"inLanguage\":\"es\",\"@id\":\"https:\\\/\\\/www.turronesanasirvent.com\\\/#\\\/schema\\\/logo\\\/image\\\/\",\"url\":\"https:\\\/\\\/www.turronesanasirvent.com\\\/wp-content\\\/uploads\\\/2021\\\/04\\\/ETIQUETAS-ANA-SIRVENT-cuadrado-01.png\",\"contentUrl\":\"https:\\\/\\\/www.turronesanasirvent.com\\\/wp-content\\\/uploads\\\/2021\\\/04\\\/ETIQUETAS-ANA-SIRVENT-cuadrado-01.png\",\"width\":513,\"height\":513,\"caption\":\"Turrones Ana Sirvent\"},\"image\":{\"@id\":\"https:\\\/\\\/www.turronesanasirvent.com\\\/#\\\/schema\\\/logo\\\/image\\\/\"}}]}<\/script>\n<!-- \/ Yoast SEO plugin. -->","yoast_head_json":{"title":"Turr\u00f3n de Alicante Artesano Calidad Suprema - Turrones Ana Sirvent","robots":{"index":"index","follow":"follow","max-snippet":"max-snippet:-1","max-image-preview":"max-image-preview:large","max-video-preview":"max-video-preview:-1"},"canonical":"https:\/\/www.turronesanasirvent.com\/index.php\/producto\/turron-de-alicante-artesano-calidad-suprema\/","og_locale":"es_ES","og_type":"article","og_title":"Turr\u00f3n de Alicante Artesano Calidad Suprema - Turrones Ana Sirvent","og_description":"El turr\u00f3n de Alicante o turr\u00f3n duro es un dulce elaborado con almendras MARCONAS, ligeramente tostadas, az\u00facar, miel y clara de huevo. A diferencia del turr\u00f3n de Jijona, la almendra se mantiene entera y la clara de huevo le proporciona ese color blanco tan caracter\u00edstico.  Adem\u00e1s, este turr\u00f3n con Denominaci\u00f3n de Origen est\u00e1 protegido por el Consejo Regulador de Jijona, quien nos garantiza un 65% de almendra MARCONA y 16 % miel de naranjo de la Comunidad Valenciana, as\u00ed como por la INDICACI\u00d3N GEOGR\u00c1FICA PROTEGIDA.  Este turr\u00f3n artesano barra a barra es un alimento con m\u00faltiples beneficios, sobre todo para deportistas debido a su alto contenido en prote\u00ednas y minerales. Libre de colesterol y su alta cantidad de vitamina D fomenta el fortalecimiento de la piel y huesos.  Disponemos de su fabricaci\u00f3n todo el a\u00f1o en formato barra de 300 y 500g.","og_url":"https:\/\/www.turronesanasirvent.com\/index.php\/producto\/turron-de-alicante-artesano-calidad-suprema\/","og_site_name":"Turrones Ana Sirvent","article_modified_time":"2025-12-28T17:42:06+00:00","og_image":[{"width":612,"height":408,"url":"https:\/\/www.turronesanasirvent.com\/wp-content\/uploads\/2021\/07\/turron-de-alicante-barato.png","type":"image\/png"}],"twitter_card":"summary_large_image","twitter_misc":{"Tiempo de lectura":"1 minuto"},"schema":{"@context":"https:\/\/schema.org","@graph":[{"@type":"WebPage","@id":"https:\/\/www.turronesanasirvent.com\/index.php\/producto\/turron-de-alicante-artesano-calidad-suprema\/","url":"https:\/\/www.turronesanasirvent.com\/index.php\/producto\/turron-de-alicante-artesano-calidad-suprema\/","name":"Turr\u00f3n de Alicante Artesano Calidad Suprema - Turrones Ana Sirvent","isPartOf":{"@id":"https:\/\/www.turronesanasirvent.com\/#website"},"primaryImageOfPage":{"@id":"https:\/\/www.turronesanasirvent.com\/index.php\/producto\/turron-de-alicante-artesano-calidad-suprema\/#primaryimage"},"image":{"@id":"https:\/\/www.turronesanasirvent.com\/index.php\/producto\/turron-de-alicante-artesano-calidad-suprema\/#primaryimage"},"thumbnailUrl":"https:\/\/www.turronesanasirvent.com\/wp-content\/uploads\/2021\/07\/turron-de-alicante-barato.png","datePublished":"2021-07-09T09:40:01+00:00","dateModified":"2025-12-28T17:42:06+00:00","breadcrumb":{"@id":"https:\/\/www.turronesanasirvent.com\/index.php\/producto\/turron-de-alicante-artesano-calidad-suprema\/#breadcrumb"},"inLanguage":"es","potentialAction":[{"@type":"ReadAction","target":["https:\/\/www.turronesanasirvent.com\/index.php\/producto\/turron-de-alicante-artesano-calidad-suprema\/"]}]},{"@type":"ImageObject","inLanguage":"es","@id":"https:\/\/www.turronesanasirvent.com\/index.php\/producto\/turron-de-alicante-artesano-calidad-suprema\/#primaryimage","url":"https:\/\/www.turronesanasirvent.com\/wp-content\/uploads\/2021\/07\/turron-de-alicante-barato.png","contentUrl":"https:\/\/www.turronesanasirvent.com\/wp-content\/uploads\/2021\/07\/turron-de-alicante-barato.png","width":612,"height":408},{"@type":"BreadcrumbList","@id":"https:\/\/www.turronesanasirvent.com\/index.php\/producto\/turron-de-alicante-artesano-calidad-suprema\/#breadcrumb","itemListElement":[{"@type":"ListItem","position":1,"name":"Portada","item":"https:\/\/www.turronesanasirvent.com\/"},{"@type":"ListItem","position":2,"name":"Tienda","item":"https:\/\/www.turronesanasirvent.com\/index.php\/tienda\/"},{"@type":"ListItem","position":3,"name":"Turr\u00f3n de Alicante Artesano Calidad Suprema"}]},{"@type":"WebSite","@id":"https:\/\/www.turronesanasirvent.com\/#website","url":"https:\/\/www.turronesanasirvent.com\/","name":"Turrones Ana Sirvent","description":"Tienda de turrones y dulces online","publisher":{"@id":"https:\/\/www.turronesanasirvent.com\/#organization"},"potentialAction":[{"@type":"SearchAction","target":{"@type":"EntryPoint","urlTemplate":"https:\/\/www.turronesanasirvent.com\/?s={search_term_string}"},"query-input":{"@type":"PropertyValueSpecification","valueRequired":true,"valueName":"search_term_string"}}],"inLanguage":"es"},{"@type":"Organization","@id":"https:\/\/www.turronesanasirvent.com\/#organization","name":"Turrones Ana Sirvent","url":"https:\/\/www.turronesanasirvent.com\/","logo":{"@type":"ImageObject","inLanguage":"es","@id":"https:\/\/www.turronesanasirvent.com\/#\/schema\/logo\/image\/","url":"https:\/\/www.turronesanasirvent.com\/wp-content\/uploads\/2021\/04\/ETIQUETAS-ANA-SIRVENT-cuadrado-01.png","contentUrl":"https:\/\/www.turronesanasirvent.com\/wp-content\/uploads\/2021\/04\/ETIQUETAS-ANA-SIRVENT-cuadrado-01.png","width":513,"height":513,"caption":"Turrones Ana Sirvent"},"image":{"@id":"https:\/\/www.turronesanasirvent.com\/#\/schema\/logo\/image\/"}}]}},"_links":{"self":[{"href":"https:\/\/www.turronesanasirvent.com\/index.php\/wp-json\/wp\/v2\/product\/470","targetHints":{"allow":["GET"]}}],"collection":[{"href":"https:\/\/www.turronesanasirvent.com\/index.php\/wp-json\/wp\/v2\/product"}],"about":[{"href":"https:\/\/www.turronesanasirvent.com\/index.php\/wp-json\/wp\/v2\/types\/product"}],"replies":[{"embeddable":true,"href":"https:\/\/www.turronesanasirvent.com\/index.php\/wp-json\/wp\/v2\/comments?post=470"}],"wp:featuredmedia":[{"embeddable":true,"href":"https:\/\/www.turronesanasirvent.com\/index.php\/wp-json\/wp\/v2\/media\/847"}],"wp:attachment":[{"href":"https:\/\/www.turronesanasirvent.com\/index.php\/wp-json\/wp\/v2\/media?parent=470"}],"wp:term":[{"taxonomy":"product_brand","embeddable":true,"href":"https:\/\/www.turronesanasirvent.com\/index.php\/wp-json\/wp\/v2\/product_brand?post=470"},{"taxonomy":"product_cat","embeddable":true,"href":"https:\/\/www.turronesanasirvent.com\/index.php\/wp-json\/wp\/v2\/product_cat?post=470"},{"taxonomy":"product_tag","embeddable":true,"href":"https:\/\/www.turronesanasirvent.com\/index.php\/wp-json\/wp\/v2\/product_tag?post=470"}],"curies":[{"name":"wp","href":"https:\/\/api.w.org\/{rel}","templated":true}]}}