{"id":522,"date":"2021-07-09T14:34:14","date_gmt":"2021-07-09T12:34:14","guid":{"rendered":"https:\/\/www.turronesanasirvent.com\/?post_type=product&#038;p=522"},"modified":"2025-12-19T13:08:34","modified_gmt":"2025-12-19T11:08:34","slug":"turron-de-nieve-fruta-calidad-suprema","status":"publish","type":"product","link":"https:\/\/www.turronesanasirvent.com\/index.php\/producto\/turron-de-nieve-fruta-calidad-suprema\/","title":{"rendered":"Turr\u00f3n de Nieve y Fruta Calidad Suprema 300g"},"content":{"rendered":"<p><strong>Ingredientes: <\/strong>AZU\u0301CAR, 36% ALMENDRAS, 28% CALABAZA CONFITADA (azu\u0301car, calabaza, jarabe de glucosa, colorantes E-120, E-100, E-133, conservador E-200 y &lt;10 ppm metabisulfito E-224), SORBITOL (estabilizador E-420-i), CONSERVADOR E-200, RASPADURA DE LIMO\u0301N Y CANELA.<\/p>\n<p><strong>Informaci\u00f3n nutricional:<\/strong><\/p>\n<table style=\"border-collapse: collapse;width: 89.7098%;height: 96px\">\n<tbody>\n<tr style=\"height: 24px\">\n<td style=\"width: 25%;height: 24px\"><strong>Valor energe\u0301tico<\/strong><\/td>\n<td style=\"width: 21.6176%;height: 24px\">\u00a01.773 kJ \/ 423 kCal<\/td>\n<td style=\"width: 32.75%;height: 24px\"><strong>Grasas<\/strong><\/td>\n<td style=\"width: 10.3422%;height: 24px\">18 g<\/td>\n<\/tr>\n<tr style=\"height: 24px\">\n<td style=\"width: 25%;height: 24px\"><strong>Hidratos de carbono<\/strong><\/td>\n<td style=\"width: 21.6176%;height: 24px\">56 g<\/td>\n<td style=\"width: 32.75%;height: 24px\"><strong>A\u0301cidos grasos saturados<\/strong><\/td>\n<td style=\"width: 10.3422%;height: 24px\">\u00a01 g<\/td>\n<\/tr>\n<tr style=\"height: 24px\">\n<td style=\"width: 25%;height: 24px\"><strong>de los cuales azu\u0301cares<\/strong><\/td>\n<td style=\"width: 21.6176%;height: 24px\">\u00a055 g<\/td>\n<td style=\"width: 32.75%;height: 24px\"><strong>Sal<\/strong><\/td>\n<td style=\"width: 10.3422%;height: 24px\">0,10 g<\/td>\n<\/tr>\n<tr style=\"height: 24px\">\n<td style=\"width: 25%;height: 24px\"><strong>Prote\u00ednas<\/strong><\/td>\n<td style=\"width: 21.6176%;height: 24px\">\u00a08 g<\/td>\n<td style=\"width: 32.75%;height: 24px\"><\/td>\n<td style=\"width: 10.3422%;height: 24px\"><\/td>\n<\/tr>\n<\/tbody>\n<\/table>\n<p><em>Valores nutricionales medios por 100g<\/em><\/p>\n<p><strong>Al\u00e9rgenos: <\/strong>SIN GLUTEN. Contiene almendra y sulfitos (&lt;10 ppm). Puede contener trazas de huevo, leche y nuez.<\/p>\n","protected":false},"excerpt":{"rendered":"<p><span style=\"font-weight: 400\">El <\/span><b>Turr\u00f3n de Nieve con Frutas Confitadas<\/b><span style=\"font-weight: 400\"> est\u00e1 elaborado con almendra cruda molida y, entre capa y capa de mazap\u00e1n, se halla incrustado algunos trozos de calabaza, d\u00e1ndole una mezcla de colores. Adem\u00e1s, tiene un ligero toque de canela. La mezcla del mazap\u00e1n tierno y la calabaza dura\u00a0 tienen un contraste realmente agradable en la boca.<\/span><\/p>\n<p><span style=\"font-weight: 400\">Tiene un alto contenido en prote\u00ednas, minerales y fibra.<\/span><\/p>\n<p><img decoding=\"async\" class=\"alignnone wp-image-63\" src=\"https:\/\/www.turronesanasirvent.com\/wp-content\/uploads\/2021\/03\/singluten.png\" alt=\"\" width=\"100\" height=\"105\" \/> <img decoding=\"async\" class=\"alignnone wp-image-65\" src=\"https:\/\/www.turronesanasirvent.com\/wp-content\/uploads\/2021\/03\/sin-azucar.png\" alt=\"\" width=\"100\" height=\"105\" \/><\/p>\n","protected":false},"featured_media":523,"comment_status":"open","ping_status":"closed","template":"","meta":{"_joinchat":[]},"product_brand":[],"product_cat":[23],"product_tag":[],"class_list":{"0":"post-522","1":"product","2":"type-product","3":"status-publish","4":"has-post-thumbnail","6":"product_cat-turron","8":"first","9":"instock","10":"taxable","11":"shipping-taxable","12":"purchasable","13":"product-type-simple"},"yoast_head":"<!-- This site is optimized with the Yoast SEO plugin v27.3 - https:\/\/yoast.com\/product\/yoast-seo-wordpress\/ -->\n<title>Turr\u00f3n de Nieve y Fruta Calidad Suprema 300g - Turrones Ana Sirvent<\/title>\n<meta name=\"robots\" content=\"index, follow, max-snippet:-1, max-image-preview:large, max-video-preview:-1\" \/>\n<link rel=\"canonical\" href=\"https:\/\/www.turronesanasirvent.com\/index.php\/producto\/turron-de-nieve-fruta-calidad-suprema\/\" \/>\n<meta property=\"og:locale\" content=\"es_ES\" \/>\n<meta property=\"og:type\" content=\"article\" \/>\n<meta property=\"og:title\" content=\"Turr\u00f3n de Nieve y Fruta Calidad Suprema 300g - Turrones Ana Sirvent\" \/>\n<meta property=\"og:description\" content=\"El Turr\u00f3n de Nieve con Frutas Confitadas est\u00e1 elaborado con almendra cruda molida y, entre capa y capa de mazap\u00e1n, se halla incrustado algunos trozos de calabaza, d\u00e1ndole una mezcla de colores. Adem\u00e1s, tiene un ligero toque de canela. La mezcla del mazap\u00e1n tierno y la calabaza dura\u00a0 tienen un contraste realmente agradable en la boca.  Tiene un alto contenido en prote\u00ednas, minerales y fibra.\" \/>\n<meta property=\"og:url\" content=\"https:\/\/www.turronesanasirvent.com\/index.php\/producto\/turron-de-nieve-fruta-calidad-suprema\/\" \/>\n<meta property=\"og:site_name\" content=\"Turrones Ana Sirvent\" \/>\n<meta property=\"article:modified_time\" content=\"2025-12-19T11:08:34+00:00\" \/>\n<meta property=\"og:image\" content=\"https:\/\/www.turronesanasirvent.com\/wp-content\/uploads\/2021\/07\/turron-de-nieve-y-fruta-glaseada.png\" \/>\n\t<meta property=\"og:image:width\" content=\"612\" \/>\n\t<meta property=\"og:image:height\" content=\"408\" \/>\n\t<meta property=\"og:image:type\" content=\"image\/png\" \/>\n<meta name=\"twitter:card\" content=\"summary_large_image\" \/>\n<meta name=\"twitter:label1\" content=\"Tiempo de lectura\" \/>\n\t<meta name=\"twitter:data1\" content=\"1 minuto\" \/>\n<script type=\"application\/ld+json\" class=\"yoast-schema-graph\">{\"@context\":\"https:\\\/\\\/schema.org\",\"@graph\":[{\"@type\":\"WebPage\",\"@id\":\"https:\\\/\\\/www.turronesanasirvent.com\\\/index.php\\\/producto\\\/turron-de-nieve-fruta-calidad-suprema\\\/\",\"url\":\"https:\\\/\\\/www.turronesanasirvent.com\\\/index.php\\\/producto\\\/turron-de-nieve-fruta-calidad-suprema\\\/\",\"name\":\"Turr\u00f3n de Nieve y Fruta Calidad Suprema 300g - Turrones Ana Sirvent\",\"isPartOf\":{\"@id\":\"https:\\\/\\\/www.turronesanasirvent.com\\\/#website\"},\"primaryImageOfPage\":{\"@id\":\"https:\\\/\\\/www.turronesanasirvent.com\\\/index.php\\\/producto\\\/turron-de-nieve-fruta-calidad-suprema\\\/#primaryimage\"},\"image\":{\"@id\":\"https:\\\/\\\/www.turronesanasirvent.com\\\/index.php\\\/producto\\\/turron-de-nieve-fruta-calidad-suprema\\\/#primaryimage\"},\"thumbnailUrl\":\"https:\\\/\\\/www.turronesanasirvent.com\\\/wp-content\\\/uploads\\\/2021\\\/07\\\/turron-de-nieve-y-fruta-glaseada.png\",\"datePublished\":\"2021-07-09T12:34:14+00:00\",\"dateModified\":\"2025-12-19T11:08:34+00:00\",\"breadcrumb\":{\"@id\":\"https:\\\/\\\/www.turronesanasirvent.com\\\/index.php\\\/producto\\\/turron-de-nieve-fruta-calidad-suprema\\\/#breadcrumb\"},\"inLanguage\":\"es\",\"potentialAction\":[{\"@type\":\"ReadAction\",\"target\":[\"https:\\\/\\\/www.turronesanasirvent.com\\\/index.php\\\/producto\\\/turron-de-nieve-fruta-calidad-suprema\\\/\"]}]},{\"@type\":\"ImageObject\",\"inLanguage\":\"es\",\"@id\":\"https:\\\/\\\/www.turronesanasirvent.com\\\/index.php\\\/producto\\\/turron-de-nieve-fruta-calidad-suprema\\\/#primaryimage\",\"url\":\"https:\\\/\\\/www.turronesanasirvent.com\\\/wp-content\\\/uploads\\\/2021\\\/07\\\/turron-de-nieve-y-fruta-glaseada.png\",\"contentUrl\":\"https:\\\/\\\/www.turronesanasirvent.com\\\/wp-content\\\/uploads\\\/2021\\\/07\\\/turron-de-nieve-y-fruta-glaseada.png\",\"width\":612,\"height\":408},{\"@type\":\"BreadcrumbList\",\"@id\":\"https:\\\/\\\/www.turronesanasirvent.com\\\/index.php\\\/producto\\\/turron-de-nieve-fruta-calidad-suprema\\\/#breadcrumb\",\"itemListElement\":[{\"@type\":\"ListItem\",\"position\":1,\"name\":\"Portada\",\"item\":\"https:\\\/\\\/www.turronesanasirvent.com\\\/\"},{\"@type\":\"ListItem\",\"position\":2,\"name\":\"Tienda\",\"item\":\"https:\\\/\\\/www.turronesanasirvent.com\\\/index.php\\\/tienda\\\/\"},{\"@type\":\"ListItem\",\"position\":3,\"name\":\"Turr\u00f3n de Nieve y Fruta Calidad Suprema 300g\"}]},{\"@type\":\"WebSite\",\"@id\":\"https:\\\/\\\/www.turronesanasirvent.com\\\/#website\",\"url\":\"https:\\\/\\\/www.turronesanasirvent.com\\\/\",\"name\":\"Turrones Ana Sirvent\",\"description\":\"Tienda de turrones y dulces online\",\"publisher\":{\"@id\":\"https:\\\/\\\/www.turronesanasirvent.com\\\/#organization\"},\"potentialAction\":[{\"@type\":\"SearchAction\",\"target\":{\"@type\":\"EntryPoint\",\"urlTemplate\":\"https:\\\/\\\/www.turronesanasirvent.com\\\/?s={search_term_string}\"},\"query-input\":{\"@type\":\"PropertyValueSpecification\",\"valueRequired\":true,\"valueName\":\"search_term_string\"}}],\"inLanguage\":\"es\"},{\"@type\":\"Organization\",\"@id\":\"https:\\\/\\\/www.turronesanasirvent.com\\\/#organization\",\"name\":\"Turrones Ana Sirvent\",\"url\":\"https:\\\/\\\/www.turronesanasirvent.com\\\/\",\"logo\":{\"@type\":\"ImageObject\",\"inLanguage\":\"es\",\"@id\":\"https:\\\/\\\/www.turronesanasirvent.com\\\/#\\\/schema\\\/logo\\\/image\\\/\",\"url\":\"https:\\\/\\\/www.turronesanasirvent.com\\\/wp-content\\\/uploads\\\/2021\\\/04\\\/ETIQUETAS-ANA-SIRVENT-cuadrado-01.png\",\"contentUrl\":\"https:\\\/\\\/www.turronesanasirvent.com\\\/wp-content\\\/uploads\\\/2021\\\/04\\\/ETIQUETAS-ANA-SIRVENT-cuadrado-01.png\",\"width\":513,\"height\":513,\"caption\":\"Turrones Ana Sirvent\"},\"image\":{\"@id\":\"https:\\\/\\\/www.turronesanasirvent.com\\\/#\\\/schema\\\/logo\\\/image\\\/\"}}]}<\/script>\n<!-- \/ Yoast SEO plugin. -->","yoast_head_json":{"title":"Turr\u00f3n de Nieve y Fruta Calidad Suprema 300g - Turrones Ana Sirvent","robots":{"index":"index","follow":"follow","max-snippet":"max-snippet:-1","max-image-preview":"max-image-preview:large","max-video-preview":"max-video-preview:-1"},"canonical":"https:\/\/www.turronesanasirvent.com\/index.php\/producto\/turron-de-nieve-fruta-calidad-suprema\/","og_locale":"es_ES","og_type":"article","og_title":"Turr\u00f3n de Nieve y Fruta Calidad Suprema 300g - Turrones Ana Sirvent","og_description":"El Turr\u00f3n de Nieve con Frutas Confitadas est\u00e1 elaborado con almendra cruda molida y, entre capa y capa de mazap\u00e1n, se halla incrustado algunos trozos de calabaza, d\u00e1ndole una mezcla de colores. Adem\u00e1s, tiene un ligero toque de canela. La mezcla del mazap\u00e1n tierno y la calabaza dura\u00a0 tienen un contraste realmente agradable en la boca.  Tiene un alto contenido en prote\u00ednas, minerales y fibra.","og_url":"https:\/\/www.turronesanasirvent.com\/index.php\/producto\/turron-de-nieve-fruta-calidad-suprema\/","og_site_name":"Turrones Ana Sirvent","article_modified_time":"2025-12-19T11:08:34+00:00","og_image":[{"width":612,"height":408,"url":"https:\/\/www.turronesanasirvent.com\/wp-content\/uploads\/2021\/07\/turron-de-nieve-y-fruta-glaseada.png","type":"image\/png"}],"twitter_card":"summary_large_image","twitter_misc":{"Tiempo de lectura":"1 minuto"},"schema":{"@context":"https:\/\/schema.org","@graph":[{"@type":"WebPage","@id":"https:\/\/www.turronesanasirvent.com\/index.php\/producto\/turron-de-nieve-fruta-calidad-suprema\/","url":"https:\/\/www.turronesanasirvent.com\/index.php\/producto\/turron-de-nieve-fruta-calidad-suprema\/","name":"Turr\u00f3n de Nieve y Fruta Calidad Suprema 300g - Turrones Ana Sirvent","isPartOf":{"@id":"https:\/\/www.turronesanasirvent.com\/#website"},"primaryImageOfPage":{"@id":"https:\/\/www.turronesanasirvent.com\/index.php\/producto\/turron-de-nieve-fruta-calidad-suprema\/#primaryimage"},"image":{"@id":"https:\/\/www.turronesanasirvent.com\/index.php\/producto\/turron-de-nieve-fruta-calidad-suprema\/#primaryimage"},"thumbnailUrl":"https:\/\/www.turronesanasirvent.com\/wp-content\/uploads\/2021\/07\/turron-de-nieve-y-fruta-glaseada.png","datePublished":"2021-07-09T12:34:14+00:00","dateModified":"2025-12-19T11:08:34+00:00","breadcrumb":{"@id":"https:\/\/www.turronesanasirvent.com\/index.php\/producto\/turron-de-nieve-fruta-calidad-suprema\/#breadcrumb"},"inLanguage":"es","potentialAction":[{"@type":"ReadAction","target":["https:\/\/www.turronesanasirvent.com\/index.php\/producto\/turron-de-nieve-fruta-calidad-suprema\/"]}]},{"@type":"ImageObject","inLanguage":"es","@id":"https:\/\/www.turronesanasirvent.com\/index.php\/producto\/turron-de-nieve-fruta-calidad-suprema\/#primaryimage","url":"https:\/\/www.turronesanasirvent.com\/wp-content\/uploads\/2021\/07\/turron-de-nieve-y-fruta-glaseada.png","contentUrl":"https:\/\/www.turronesanasirvent.com\/wp-content\/uploads\/2021\/07\/turron-de-nieve-y-fruta-glaseada.png","width":612,"height":408},{"@type":"BreadcrumbList","@id":"https:\/\/www.turronesanasirvent.com\/index.php\/producto\/turron-de-nieve-fruta-calidad-suprema\/#breadcrumb","itemListElement":[{"@type":"ListItem","position":1,"name":"Portada","item":"https:\/\/www.turronesanasirvent.com\/"},{"@type":"ListItem","position":2,"name":"Tienda","item":"https:\/\/www.turronesanasirvent.com\/index.php\/tienda\/"},{"@type":"ListItem","position":3,"name":"Turr\u00f3n de Nieve y Fruta Calidad Suprema 300g"}]},{"@type":"WebSite","@id":"https:\/\/www.turronesanasirvent.com\/#website","url":"https:\/\/www.turronesanasirvent.com\/","name":"Turrones Ana Sirvent","description":"Tienda de turrones y dulces online","publisher":{"@id":"https:\/\/www.turronesanasirvent.com\/#organization"},"potentialAction":[{"@type":"SearchAction","target":{"@type":"EntryPoint","urlTemplate":"https:\/\/www.turronesanasirvent.com\/?s={search_term_string}"},"query-input":{"@type":"PropertyValueSpecification","valueRequired":true,"valueName":"search_term_string"}}],"inLanguage":"es"},{"@type":"Organization","@id":"https:\/\/www.turronesanasirvent.com\/#organization","name":"Turrones Ana Sirvent","url":"https:\/\/www.turronesanasirvent.com\/","logo":{"@type":"ImageObject","inLanguage":"es","@id":"https:\/\/www.turronesanasirvent.com\/#\/schema\/logo\/image\/","url":"https:\/\/www.turronesanasirvent.com\/wp-content\/uploads\/2021\/04\/ETIQUETAS-ANA-SIRVENT-cuadrado-01.png","contentUrl":"https:\/\/www.turronesanasirvent.com\/wp-content\/uploads\/2021\/04\/ETIQUETAS-ANA-SIRVENT-cuadrado-01.png","width":513,"height":513,"caption":"Turrones Ana Sirvent"},"image":{"@id":"https:\/\/www.turronesanasirvent.com\/#\/schema\/logo\/image\/"}}]}},"_links":{"self":[{"href":"https:\/\/www.turronesanasirvent.com\/index.php\/wp-json\/wp\/v2\/product\/522","targetHints":{"allow":["GET"]}}],"collection":[{"href":"https:\/\/www.turronesanasirvent.com\/index.php\/wp-json\/wp\/v2\/product"}],"about":[{"href":"https:\/\/www.turronesanasirvent.com\/index.php\/wp-json\/wp\/v2\/types\/product"}],"replies":[{"embeddable":true,"href":"https:\/\/www.turronesanasirvent.com\/index.php\/wp-json\/wp\/v2\/comments?post=522"}],"wp:featuredmedia":[{"embeddable":true,"href":"https:\/\/www.turronesanasirvent.com\/index.php\/wp-json\/wp\/v2\/media\/523"}],"wp:attachment":[{"href":"https:\/\/www.turronesanasirvent.com\/index.php\/wp-json\/wp\/v2\/media?parent=522"}],"wp:term":[{"taxonomy":"product_brand","embeddable":true,"href":"https:\/\/www.turronesanasirvent.com\/index.php\/wp-json\/wp\/v2\/product_brand?post=522"},{"taxonomy":"product_cat","embeddable":true,"href":"https:\/\/www.turronesanasirvent.com\/index.php\/wp-json\/wp\/v2\/product_cat?post=522"},{"taxonomy":"product_tag","embeddable":true,"href":"https:\/\/www.turronesanasirvent.com\/index.php\/wp-json\/wp\/v2\/product_tag?post=522"}],"curies":[{"name":"wp","href":"https:\/\/api.w.org\/{rel}","templated":true}]}}