{"id":546,"date":"2021-07-09T17:39:14","date_gmt":"2021-07-09T15:39:14","guid":{"rendered":"https:\/\/www.turronesanasirvent.com\/?post_type=product&#038;p=546"},"modified":"2025-11-12T14:10:15","modified_gmt":"2025-11-12T12:10:15","slug":"torta-chocolate-leche-calidad-suprema","status":"publish","type":"product","link":"https:\/\/www.turronesanasirvent.com\/index.php\/producto\/torta-chocolate-leche-calidad-suprema\/","title":{"rendered":"Torta de Chocolate con Leche Calidad Suprema 200g"},"content":{"rendered":"<p><strong>Ingredientes: <\/strong>AZU\u0301CAR, 30% ALMENDRAS TOSTADAS, MANTECA DE CACAO, 13% LECHE ENTERA EN POLVO, PASTA DE CACAO, EMULGENTE (lecitina de soja) Y AROMA NATURAL DE VAINILLINA. Cacao: 23% mi\u0301nimo.<\/p>\n<p><strong>Informaci\u00f3n nutricional:<\/strong><\/p>\n<table style=\"border-collapse: collapse;width: 89.7098%;height: 96px\">\n<tbody>\n<tr style=\"height: 24px\">\n<td style=\"width: 25%;height: 24px\"><strong>Valor energe\u0301tico<\/strong><\/td>\n<td style=\"width: 21.6176%;height: 24px\">\u00a02.399 kJ \/ 577 kCal<\/td>\n<td style=\"width: 32.75%;height: 24px\"><strong>Grasas<\/strong><\/td>\n<td style=\"width: 10.3422%;height: 24px\">40 g<\/td>\n<\/tr>\n<tr style=\"height: 24px\">\n<td style=\"width: 25%;height: 24px\"><strong>Hidratos de carbono<\/strong><\/td>\n<td style=\"width: 21.6176%;height: 24px\">41 g<\/td>\n<td style=\"width: 32.75%;height: 24px\"><strong>A\u0301cidos grasos saturados<\/strong><\/td>\n<td style=\"width: 10.3422%;height: 24px\">\u00a015 g<\/td>\n<\/tr>\n<tr style=\"height: 24px\">\n<td style=\"width: 25%;height: 24px\"><strong>de los cuales azu\u0301cares<\/strong><\/td>\n<td style=\"width: 21.6176%;height: 24px\">\u00a040 g<\/td>\n<td style=\"width: 32.75%;height: 24px\"><strong>Sal<\/strong><\/td>\n<td style=\"width: 10.3422%;height: 24px\">0,12 g<\/td>\n<\/tr>\n<tr style=\"height: 24px\">\n<td style=\"width: 25%;height: 24px\"><strong>Prote\u00ednas<\/strong><\/td>\n<td style=\"width: 21.6176%;height: 24px\">\u00a011 g<\/td>\n<td style=\"width: 32.75%;height: 24px\"><\/td>\n<td style=\"width: 10.3422%;height: 24px\"><\/td>\n<\/tr>\n<\/tbody>\n<\/table>\n<p><em>Valores nutricionales medios por 100g<\/em><\/p>\n<p><strong>Al\u00e9rgenos: <\/strong>Contiene almendra, leche y soja. Puede contener trazas de otros frutos de ca\u0301scara y\/o cacahuete.<\/p>\n","protected":false},"excerpt":{"rendered":"<p><span style=\"font-weight:400\">Chocolate, leche, az\u00facar y almendras. Este es el contenido de nuestro <\/span><b>Turr\u00f3n de Chocolate con Leche. <\/b><span style=\"font-weight:400\">La misma receta que el formato en barra, pero esta vez en forma redonda y mucho m\u00e1s fina.<\/span><br \/>\n<span style=\"font-weight:400\">No os preocup\u00e9is, turroneros y turroneras, \u00a1este es muy f\u00e1cil de comer!<\/span><\/p>\n<p><img decoding=\"async\" class=\"alignnone wp-image-63\" src=\"https:\/\/www.turronesanasirvent.com\/wp-content\/uploads\/2021\/03\/singluten.png\" alt=\"\" width=\"100\" height=\"105\"><\/p>\n","protected":false},"featured_media":547,"comment_status":"open","ping_status":"closed","template":"","meta":{"_joinchat":[]},"product_brand":[],"product_cat":[24],"product_tag":[],"class_list":{"0":"post-546","1":"product","2":"type-product","3":"status-publish","4":"has-post-thumbnail","6":"product_cat-chocolates","8":"first","9":"instock","10":"taxable","11":"shipping-taxable","12":"purchasable","13":"product-type-simple"},"yoast_head":"<!-- This site is optimized with the Yoast SEO plugin v27.3 - https:\/\/yoast.com\/product\/yoast-seo-wordpress\/ -->\n<title>Torta de Chocolate con Leche Calidad Suprema 200g - Turrones Ana Sirvent<\/title>\n<meta name=\"robots\" content=\"index, follow, max-snippet:-1, max-image-preview:large, max-video-preview:-1\" \/>\n<link rel=\"canonical\" href=\"https:\/\/www.turronesanasirvent.com\/index.php\/producto\/torta-chocolate-leche-calidad-suprema\/\" \/>\n<meta property=\"og:locale\" content=\"es_ES\" \/>\n<meta property=\"og:type\" content=\"article\" \/>\n<meta property=\"og:title\" content=\"Torta de Chocolate con Leche Calidad Suprema 200g - Turrones Ana Sirvent\" \/>\n<meta property=\"og:description\" content=\"Chocolate, leche, az\u00facar y almendras. Este es el contenido de nuestro Turr\u00f3n de Chocolate con Leche. La misma receta que el formato en barra, pero esta vez en forma redonda y mucho m\u00e1s fina. No os preocup\u00e9is, turroneros y turroneras, \u00a1este es muy f\u00e1cil de comer!\" \/>\n<meta property=\"og:url\" content=\"https:\/\/www.turronesanasirvent.com\/index.php\/producto\/torta-chocolate-leche-calidad-suprema\/\" \/>\n<meta property=\"og:site_name\" content=\"Turrones Ana Sirvent\" \/>\n<meta property=\"article:modified_time\" content=\"2025-11-12T12:10:15+00:00\" \/>\n<meta property=\"og:image\" content=\"https:\/\/www.turronesanasirvent.com\/wp-content\/uploads\/2021\/07\/torta-de-chocolate-jijona.png\" \/>\n\t<meta property=\"og:image:width\" content=\"612\" \/>\n\t<meta property=\"og:image:height\" content=\"408\" \/>\n\t<meta property=\"og:image:type\" content=\"image\/png\" \/>\n<meta name=\"twitter:card\" content=\"summary_large_image\" \/>\n<meta name=\"twitter:label1\" content=\"Tiempo de lectura\" \/>\n\t<meta name=\"twitter:data1\" content=\"1 minuto\" \/>\n<script type=\"application\/ld+json\" class=\"yoast-schema-graph\">{\"@context\":\"https:\\\/\\\/schema.org\",\"@graph\":[{\"@type\":\"WebPage\",\"@id\":\"https:\\\/\\\/www.turronesanasirvent.com\\\/index.php\\\/producto\\\/torta-chocolate-leche-calidad-suprema\\\/\",\"url\":\"https:\\\/\\\/www.turronesanasirvent.com\\\/index.php\\\/producto\\\/torta-chocolate-leche-calidad-suprema\\\/\",\"name\":\"Torta de Chocolate con Leche Calidad Suprema 200g - Turrones Ana Sirvent\",\"isPartOf\":{\"@id\":\"https:\\\/\\\/www.turronesanasirvent.com\\\/#website\"},\"primaryImageOfPage\":{\"@id\":\"https:\\\/\\\/www.turronesanasirvent.com\\\/index.php\\\/producto\\\/torta-chocolate-leche-calidad-suprema\\\/#primaryimage\"},\"image\":{\"@id\":\"https:\\\/\\\/www.turronesanasirvent.com\\\/index.php\\\/producto\\\/torta-chocolate-leche-calidad-suprema\\\/#primaryimage\"},\"thumbnailUrl\":\"https:\\\/\\\/www.turronesanasirvent.com\\\/wp-content\\\/uploads\\\/2021\\\/07\\\/torta-de-chocolate-jijona.png\",\"datePublished\":\"2021-07-09T15:39:14+00:00\",\"dateModified\":\"2025-11-12T12:10:15+00:00\",\"breadcrumb\":{\"@id\":\"https:\\\/\\\/www.turronesanasirvent.com\\\/index.php\\\/producto\\\/torta-chocolate-leche-calidad-suprema\\\/#breadcrumb\"},\"inLanguage\":\"es\",\"potentialAction\":[{\"@type\":\"ReadAction\",\"target\":[\"https:\\\/\\\/www.turronesanasirvent.com\\\/index.php\\\/producto\\\/torta-chocolate-leche-calidad-suprema\\\/\"]}]},{\"@type\":\"ImageObject\",\"inLanguage\":\"es\",\"@id\":\"https:\\\/\\\/www.turronesanasirvent.com\\\/index.php\\\/producto\\\/torta-chocolate-leche-calidad-suprema\\\/#primaryimage\",\"url\":\"https:\\\/\\\/www.turronesanasirvent.com\\\/wp-content\\\/uploads\\\/2021\\\/07\\\/torta-de-chocolate-jijona.png\",\"contentUrl\":\"https:\\\/\\\/www.turronesanasirvent.com\\\/wp-content\\\/uploads\\\/2021\\\/07\\\/torta-de-chocolate-jijona.png\",\"width\":612,\"height\":408},{\"@type\":\"BreadcrumbList\",\"@id\":\"https:\\\/\\\/www.turronesanasirvent.com\\\/index.php\\\/producto\\\/torta-chocolate-leche-calidad-suprema\\\/#breadcrumb\",\"itemListElement\":[{\"@type\":\"ListItem\",\"position\":1,\"name\":\"Portada\",\"item\":\"https:\\\/\\\/www.turronesanasirvent.com\\\/\"},{\"@type\":\"ListItem\",\"position\":2,\"name\":\"Tienda\",\"item\":\"https:\\\/\\\/www.turronesanasirvent.com\\\/index.php\\\/tienda\\\/\"},{\"@type\":\"ListItem\",\"position\":3,\"name\":\"Torta de Chocolate con Leche Calidad Suprema 200g\"}]},{\"@type\":\"WebSite\",\"@id\":\"https:\\\/\\\/www.turronesanasirvent.com\\\/#website\",\"url\":\"https:\\\/\\\/www.turronesanasirvent.com\\\/\",\"name\":\"Turrones Ana Sirvent\",\"description\":\"Tienda de turrones y dulces online\",\"publisher\":{\"@id\":\"https:\\\/\\\/www.turronesanasirvent.com\\\/#organization\"},\"potentialAction\":[{\"@type\":\"SearchAction\",\"target\":{\"@type\":\"EntryPoint\",\"urlTemplate\":\"https:\\\/\\\/www.turronesanasirvent.com\\\/?s={search_term_string}\"},\"query-input\":{\"@type\":\"PropertyValueSpecification\",\"valueRequired\":true,\"valueName\":\"search_term_string\"}}],\"inLanguage\":\"es\"},{\"@type\":\"Organization\",\"@id\":\"https:\\\/\\\/www.turronesanasirvent.com\\\/#organization\",\"name\":\"Turrones Ana Sirvent\",\"url\":\"https:\\\/\\\/www.turronesanasirvent.com\\\/\",\"logo\":{\"@type\":\"ImageObject\",\"inLanguage\":\"es\",\"@id\":\"https:\\\/\\\/www.turronesanasirvent.com\\\/#\\\/schema\\\/logo\\\/image\\\/\",\"url\":\"https:\\\/\\\/www.turronesanasirvent.com\\\/wp-content\\\/uploads\\\/2021\\\/04\\\/ETIQUETAS-ANA-SIRVENT-cuadrado-01.png\",\"contentUrl\":\"https:\\\/\\\/www.turronesanasirvent.com\\\/wp-content\\\/uploads\\\/2021\\\/04\\\/ETIQUETAS-ANA-SIRVENT-cuadrado-01.png\",\"width\":513,\"height\":513,\"caption\":\"Turrones Ana Sirvent\"},\"image\":{\"@id\":\"https:\\\/\\\/www.turronesanasirvent.com\\\/#\\\/schema\\\/logo\\\/image\\\/\"}}]}<\/script>\n<!-- \/ Yoast SEO plugin. -->","yoast_head_json":{"title":"Torta de Chocolate con Leche Calidad Suprema 200g - Turrones Ana Sirvent","robots":{"index":"index","follow":"follow","max-snippet":"max-snippet:-1","max-image-preview":"max-image-preview:large","max-video-preview":"max-video-preview:-1"},"canonical":"https:\/\/www.turronesanasirvent.com\/index.php\/producto\/torta-chocolate-leche-calidad-suprema\/","og_locale":"es_ES","og_type":"article","og_title":"Torta de Chocolate con Leche Calidad Suprema 200g - Turrones Ana Sirvent","og_description":"Chocolate, leche, az\u00facar y almendras. Este es el contenido de nuestro Turr\u00f3n de Chocolate con Leche. La misma receta que el formato en barra, pero esta vez en forma redonda y mucho m\u00e1s fina. No os preocup\u00e9is, turroneros y turroneras, \u00a1este es muy f\u00e1cil de comer!","og_url":"https:\/\/www.turronesanasirvent.com\/index.php\/producto\/torta-chocolate-leche-calidad-suprema\/","og_site_name":"Turrones Ana Sirvent","article_modified_time":"2025-11-12T12:10:15+00:00","og_image":[{"width":612,"height":408,"url":"https:\/\/www.turronesanasirvent.com\/wp-content\/uploads\/2021\/07\/torta-de-chocolate-jijona.png","type":"image\/png"}],"twitter_card":"summary_large_image","twitter_misc":{"Tiempo de lectura":"1 minuto"},"schema":{"@context":"https:\/\/schema.org","@graph":[{"@type":"WebPage","@id":"https:\/\/www.turronesanasirvent.com\/index.php\/producto\/torta-chocolate-leche-calidad-suprema\/","url":"https:\/\/www.turronesanasirvent.com\/index.php\/producto\/torta-chocolate-leche-calidad-suprema\/","name":"Torta de Chocolate con Leche Calidad Suprema 200g - Turrones Ana Sirvent","isPartOf":{"@id":"https:\/\/www.turronesanasirvent.com\/#website"},"primaryImageOfPage":{"@id":"https:\/\/www.turronesanasirvent.com\/index.php\/producto\/torta-chocolate-leche-calidad-suprema\/#primaryimage"},"image":{"@id":"https:\/\/www.turronesanasirvent.com\/index.php\/producto\/torta-chocolate-leche-calidad-suprema\/#primaryimage"},"thumbnailUrl":"https:\/\/www.turronesanasirvent.com\/wp-content\/uploads\/2021\/07\/torta-de-chocolate-jijona.png","datePublished":"2021-07-09T15:39:14+00:00","dateModified":"2025-11-12T12:10:15+00:00","breadcrumb":{"@id":"https:\/\/www.turronesanasirvent.com\/index.php\/producto\/torta-chocolate-leche-calidad-suprema\/#breadcrumb"},"inLanguage":"es","potentialAction":[{"@type":"ReadAction","target":["https:\/\/www.turronesanasirvent.com\/index.php\/producto\/torta-chocolate-leche-calidad-suprema\/"]}]},{"@type":"ImageObject","inLanguage":"es","@id":"https:\/\/www.turronesanasirvent.com\/index.php\/producto\/torta-chocolate-leche-calidad-suprema\/#primaryimage","url":"https:\/\/www.turronesanasirvent.com\/wp-content\/uploads\/2021\/07\/torta-de-chocolate-jijona.png","contentUrl":"https:\/\/www.turronesanasirvent.com\/wp-content\/uploads\/2021\/07\/torta-de-chocolate-jijona.png","width":612,"height":408},{"@type":"BreadcrumbList","@id":"https:\/\/www.turronesanasirvent.com\/index.php\/producto\/torta-chocolate-leche-calidad-suprema\/#breadcrumb","itemListElement":[{"@type":"ListItem","position":1,"name":"Portada","item":"https:\/\/www.turronesanasirvent.com\/"},{"@type":"ListItem","position":2,"name":"Tienda","item":"https:\/\/www.turronesanasirvent.com\/index.php\/tienda\/"},{"@type":"ListItem","position":3,"name":"Torta de Chocolate con Leche Calidad Suprema 200g"}]},{"@type":"WebSite","@id":"https:\/\/www.turronesanasirvent.com\/#website","url":"https:\/\/www.turronesanasirvent.com\/","name":"Turrones Ana Sirvent","description":"Tienda de turrones y dulces online","publisher":{"@id":"https:\/\/www.turronesanasirvent.com\/#organization"},"potentialAction":[{"@type":"SearchAction","target":{"@type":"EntryPoint","urlTemplate":"https:\/\/www.turronesanasirvent.com\/?s={search_term_string}"},"query-input":{"@type":"PropertyValueSpecification","valueRequired":true,"valueName":"search_term_string"}}],"inLanguage":"es"},{"@type":"Organization","@id":"https:\/\/www.turronesanasirvent.com\/#organization","name":"Turrones Ana Sirvent","url":"https:\/\/www.turronesanasirvent.com\/","logo":{"@type":"ImageObject","inLanguage":"es","@id":"https:\/\/www.turronesanasirvent.com\/#\/schema\/logo\/image\/","url":"https:\/\/www.turronesanasirvent.com\/wp-content\/uploads\/2021\/04\/ETIQUETAS-ANA-SIRVENT-cuadrado-01.png","contentUrl":"https:\/\/www.turronesanasirvent.com\/wp-content\/uploads\/2021\/04\/ETIQUETAS-ANA-SIRVENT-cuadrado-01.png","width":513,"height":513,"caption":"Turrones Ana Sirvent"},"image":{"@id":"https:\/\/www.turronesanasirvent.com\/#\/schema\/logo\/image\/"}}]}},"_links":{"self":[{"href":"https:\/\/www.turronesanasirvent.com\/index.php\/wp-json\/wp\/v2\/product\/546","targetHints":{"allow":["GET"]}}],"collection":[{"href":"https:\/\/www.turronesanasirvent.com\/index.php\/wp-json\/wp\/v2\/product"}],"about":[{"href":"https:\/\/www.turronesanasirvent.com\/index.php\/wp-json\/wp\/v2\/types\/product"}],"replies":[{"embeddable":true,"href":"https:\/\/www.turronesanasirvent.com\/index.php\/wp-json\/wp\/v2\/comments?post=546"}],"wp:featuredmedia":[{"embeddable":true,"href":"https:\/\/www.turronesanasirvent.com\/index.php\/wp-json\/wp\/v2\/media\/547"}],"wp:attachment":[{"href":"https:\/\/www.turronesanasirvent.com\/index.php\/wp-json\/wp\/v2\/media?parent=546"}],"wp:term":[{"taxonomy":"product_brand","embeddable":true,"href":"https:\/\/www.turronesanasirvent.com\/index.php\/wp-json\/wp\/v2\/product_brand?post=546"},{"taxonomy":"product_cat","embeddable":true,"href":"https:\/\/www.turronesanasirvent.com\/index.php\/wp-json\/wp\/v2\/product_cat?post=546"},{"taxonomy":"product_tag","embeddable":true,"href":"https:\/\/www.turronesanasirvent.com\/index.php\/wp-json\/wp\/v2\/product_tag?post=546"}],"curies":[{"name":"wp","href":"https:\/\/api.w.org\/{rel}","templated":true}]}}