{"id":573,"date":"2021-07-12T19:22:31","date_gmt":"2021-07-12T17:22:31","guid":{"rendered":"https:\/\/www.turronesanasirvent.com\/?post_type=product&#038;p=573"},"modified":"2025-12-21T21:06:23","modified_gmt":"2025-12-21T19:06:23","slug":"turron-de-nata-nueces-calidad-suprema","status":"publish","type":"product","link":"https:\/\/www.turronesanasirvent.com\/index.php\/producto\/turron-de-nata-nueces-calidad-suprema\/","title":{"rendered":"Turr\u00f3n de Nata con Nueces Calidad Suprema"},"content":{"rendered":"<p><strong>Ingredientes:<\/strong>AZU\u0301CAR, ALMENDRAS (30%), NUECES EN GRANO (11%), LECHE DESNATADA EN POLVO (11%), JARABE DE GLUCOSA, AROMA DE NATA Y CONSERVADOR E-200 (a\u0301cido so\u0301rbico).<\/p>\n<p><strong>Informaci\u00f3n nutricional:<\/strong><\/p>\n<table style=\"border-collapse: collapse;width: 68.8442%;height: 96px\">\n<tbody>\n<tr style=\"height: 24px\">\n<td style=\"width: 25%;height: 24px\"><strong>Valor energe\u0301tico<\/strong><\/td>\n<td style=\"width: 13.0265%;height: 24px\">\u00a01.910 kJ \/ 460 kCal<\/td>\n<td style=\"width: 22.6913%;height: 24px\"><strong>Grasas<\/strong><\/td>\n<td style=\"width: 4.24037%;height: 24px\">23 g<\/td>\n<\/tr>\n<tr style=\"height: 24px\">\n<td style=\"width: 25%;height: 24px\"><strong>Hidratos de carbono<\/strong><\/td>\n<td style=\"width: 13.0265%;height: 24px\">49 g<\/td>\n<td style=\"width: 22.6913%;height: 24px\"><strong>A\u0301cidos grasos saturados<\/strong><\/td>\n<td style=\"width: 4.24037%;height: 24px\">\u00a02 g<\/td>\n<\/tr>\n<tr style=\"height: 24px\">\n<td style=\"width: 25%;height: 24px\"><strong>de los cuales azu\u0301cares<\/strong><\/td>\n<td style=\"width: 13.0265%;height: 24px\">\u00a047 g<\/td>\n<td style=\"width: 22.6913%;height: 24px\"><strong>Sal<\/strong><\/td>\n<td style=\"width: 4.24037%;height: 24px\">0,15 g<\/td>\n<\/tr>\n<tr style=\"height: 24px\">\n<td style=\"width: 25%;height: 24px\"><strong>Prote\u00ednas<\/strong><\/td>\n<td style=\"width: 13.0265%;height: 24px\">\u00a012 g<\/td>\n<td style=\"width: 22.6913%;height: 24px\"><\/td>\n<td style=\"width: 4.24037%;height: 24px\"><\/td>\n<\/tr>\n<\/tbody>\n<\/table>\n<p><em>Valores nutricionales medios por 100g<\/em><\/p>\n<p><strong>Al\u00e9rgenos: <\/strong>SIN GLUTEN. Contiene almendra, leche y nuez. Puede contener trazas de huevo.<\/p>\n","protected":false},"excerpt":{"rendered":"<p><span style=\"font-weight: 400\">Este turr\u00f3n, bastante acogido por el\/la consumidor\/a, est\u00e1 elaborado con <\/span><b>mazap\u00e1n<\/b><span style=\"font-weight: 400\"> y <\/span><b>nueces<\/b><span style=\"font-weight: 400\"> de <\/span><b>excelente calidad<\/b><span style=\"font-weight: 400\">. Es el \u00fanico de nuestros turrones que contiene l\u00e1cteos.<\/span><br \/>\n<span style=\"font-weight: 400\">A pesar de que el turr\u00f3n tenga un alto valor energ\u00e9tico, nos gusta que sea un producto saludable. Por ello, intentamos bajar los az\u00facares a\u00f1adidos.<\/span><br \/>\n<span style=\"font-weight: 400\">Los nutrientes del <\/span><b>Turr\u00f3n de Nata Nuez<\/b><span style=\"font-weight: 400\"> contienen una gran fuente de energ\u00eda para nuestro cerebro y evita la aparici\u00f3n de arteriosclerosis.<\/span><\/p>\n<p><img decoding=\"async\" class=\"alignnone wp-image-63\" src=\"https:\/\/www.turronesanasirvent.com\/wp-content\/uploads\/2021\/03\/singluten.png\" alt=\"\" width=\"100\" height=\"105\" \/><\/p>\n","protected":false},"featured_media":575,"comment_status":"open","ping_status":"closed","template":"","meta":{"_joinchat":[]},"product_brand":[],"product_cat":[23],"product_tag":[],"class_list":{"0":"post-573","1":"product","2":"type-product","3":"status-publish","4":"has-post-thumbnail","6":"product_cat-turron","8":"first","9":"outofstock","10":"taxable","11":"shipping-taxable","12":"purchasable","13":"product-type-simple"},"yoast_head":"<!-- This site is optimized with the Yoast SEO plugin v27.5 - https:\/\/yoast.com\/product\/yoast-seo-wordpress\/ -->\n<title>Turr\u00f3n de Nata con Nueces Calidad Suprema - Turrones Ana Sirvent<\/title>\n<meta name=\"robots\" content=\"index, follow, max-snippet:-1, max-image-preview:large, max-video-preview:-1\" \/>\n<link rel=\"canonical\" href=\"https:\/\/www.turronesanasirvent.com\/index.php\/producto\/turron-de-nata-nueces-calidad-suprema\/\" \/>\n<meta property=\"og:locale\" content=\"es_ES\" \/>\n<meta property=\"og:type\" content=\"article\" \/>\n<meta property=\"og:title\" content=\"Turr\u00f3n de Nata con Nueces Calidad Suprema - Turrones Ana Sirvent\" \/>\n<meta property=\"og:description\" content=\"Este turr\u00f3n, bastante acogido por el\/la consumidor\/a, est\u00e1 elaborado con mazap\u00e1n y nueces de excelente calidad. Es el \u00fanico de nuestros turrones que contiene l\u00e1cteos. A pesar de que el turr\u00f3n tenga un alto valor energ\u00e9tico, nos gusta que sea un producto saludable. Por ello, intentamos bajar los az\u00facares a\u00f1adidos. Los nutrientes del Turr\u00f3n de Nata Nuez contienen una gran fuente de energ\u00eda para nuestro cerebro y evita la aparici\u00f3n de arteriosclerosis.\" \/>\n<meta property=\"og:url\" content=\"https:\/\/www.turronesanasirvent.com\/index.php\/producto\/turron-de-nata-nueces-calidad-suprema\/\" \/>\n<meta property=\"og:site_name\" content=\"Turrones Ana Sirvent\" \/>\n<meta property=\"article:modified_time\" content=\"2025-12-21T19:06:23+00:00\" \/>\n<meta property=\"og:image\" content=\"https:\/\/www.turronesanasirvent.com\/wp-content\/uploads\/2021\/07\/turron-de-jijona-nata-nueves.png\" \/>\n\t<meta property=\"og:image:width\" content=\"612\" \/>\n\t<meta property=\"og:image:height\" content=\"408\" \/>\n\t<meta property=\"og:image:type\" content=\"image\/png\" \/>\n<meta name=\"twitter:card\" content=\"summary_large_image\" \/>\n<meta name=\"twitter:label1\" content=\"Tiempo de lectura\" \/>\n\t<meta name=\"twitter:data1\" content=\"1 minuto\" \/>\n<script type=\"application\/ld+json\" class=\"yoast-schema-graph\">{\"@context\":\"https:\\\/\\\/schema.org\",\"@graph\":[{\"@type\":\"WebPage\",\"@id\":\"https:\\\/\\\/www.turronesanasirvent.com\\\/index.php\\\/producto\\\/turron-de-nata-nueces-calidad-suprema\\\/\",\"url\":\"https:\\\/\\\/www.turronesanasirvent.com\\\/index.php\\\/producto\\\/turron-de-nata-nueces-calidad-suprema\\\/\",\"name\":\"Turr\u00f3n de Nata con Nueces Calidad Suprema - Turrones Ana Sirvent\",\"isPartOf\":{\"@id\":\"https:\\\/\\\/www.turronesanasirvent.com\\\/#website\"},\"primaryImageOfPage\":{\"@id\":\"https:\\\/\\\/www.turronesanasirvent.com\\\/index.php\\\/producto\\\/turron-de-nata-nueces-calidad-suprema\\\/#primaryimage\"},\"image\":{\"@id\":\"https:\\\/\\\/www.turronesanasirvent.com\\\/index.php\\\/producto\\\/turron-de-nata-nueces-calidad-suprema\\\/#primaryimage\"},\"thumbnailUrl\":\"https:\\\/\\\/www.turronesanasirvent.com\\\/wp-content\\\/uploads\\\/2021\\\/07\\\/turron-de-jijona-nata-nueves.png\",\"datePublished\":\"2021-07-12T17:22:31+00:00\",\"dateModified\":\"2025-12-21T19:06:23+00:00\",\"breadcrumb\":{\"@id\":\"https:\\\/\\\/www.turronesanasirvent.com\\\/index.php\\\/producto\\\/turron-de-nata-nueces-calidad-suprema\\\/#breadcrumb\"},\"inLanguage\":\"es\",\"potentialAction\":[{\"@type\":\"ReadAction\",\"target\":[\"https:\\\/\\\/www.turronesanasirvent.com\\\/index.php\\\/producto\\\/turron-de-nata-nueces-calidad-suprema\\\/\"]}]},{\"@type\":\"ImageObject\",\"inLanguage\":\"es\",\"@id\":\"https:\\\/\\\/www.turronesanasirvent.com\\\/index.php\\\/producto\\\/turron-de-nata-nueces-calidad-suprema\\\/#primaryimage\",\"url\":\"https:\\\/\\\/www.turronesanasirvent.com\\\/wp-content\\\/uploads\\\/2021\\\/07\\\/turron-de-jijona-nata-nueves.png\",\"contentUrl\":\"https:\\\/\\\/www.turronesanasirvent.com\\\/wp-content\\\/uploads\\\/2021\\\/07\\\/turron-de-jijona-nata-nueves.png\",\"width\":612,\"height\":408},{\"@type\":\"BreadcrumbList\",\"@id\":\"https:\\\/\\\/www.turronesanasirvent.com\\\/index.php\\\/producto\\\/turron-de-nata-nueces-calidad-suprema\\\/#breadcrumb\",\"itemListElement\":[{\"@type\":\"ListItem\",\"position\":1,\"name\":\"Portada\",\"item\":\"https:\\\/\\\/www.turronesanasirvent.com\\\/\"},{\"@type\":\"ListItem\",\"position\":2,\"name\":\"Tienda\",\"item\":\"https:\\\/\\\/www.turronesanasirvent.com\\\/index.php\\\/tienda\\\/\"},{\"@type\":\"ListItem\",\"position\":3,\"name\":\"Turr\u00f3n de Nata con Nueces Calidad Suprema\"}]},{\"@type\":\"WebSite\",\"@id\":\"https:\\\/\\\/www.turronesanasirvent.com\\\/#website\",\"url\":\"https:\\\/\\\/www.turronesanasirvent.com\\\/\",\"name\":\"Turrones Ana Sirvent\",\"description\":\"Tienda de turrones y dulces online\",\"publisher\":{\"@id\":\"https:\\\/\\\/www.turronesanasirvent.com\\\/#organization\"},\"potentialAction\":[{\"@type\":\"SearchAction\",\"target\":{\"@type\":\"EntryPoint\",\"urlTemplate\":\"https:\\\/\\\/www.turronesanasirvent.com\\\/?s={search_term_string}\"},\"query-input\":{\"@type\":\"PropertyValueSpecification\",\"valueRequired\":true,\"valueName\":\"search_term_string\"}}],\"inLanguage\":\"es\"},{\"@type\":\"Organization\",\"@id\":\"https:\\\/\\\/www.turronesanasirvent.com\\\/#organization\",\"name\":\"Turrones Ana Sirvent\",\"url\":\"https:\\\/\\\/www.turronesanasirvent.com\\\/\",\"logo\":{\"@type\":\"ImageObject\",\"inLanguage\":\"es\",\"@id\":\"https:\\\/\\\/www.turronesanasirvent.com\\\/#\\\/schema\\\/logo\\\/image\\\/\",\"url\":\"https:\\\/\\\/www.turronesanasirvent.com\\\/wp-content\\\/uploads\\\/2021\\\/04\\\/ETIQUETAS-ANA-SIRVENT-cuadrado-01.png\",\"contentUrl\":\"https:\\\/\\\/www.turronesanasirvent.com\\\/wp-content\\\/uploads\\\/2021\\\/04\\\/ETIQUETAS-ANA-SIRVENT-cuadrado-01.png\",\"width\":513,\"height\":513,\"caption\":\"Turrones Ana Sirvent\"},\"image\":{\"@id\":\"https:\\\/\\\/www.turronesanasirvent.com\\\/#\\\/schema\\\/logo\\\/image\\\/\"}}]}<\/script>\n<!-- \/ Yoast SEO plugin. -->","yoast_head_json":{"title":"Turr\u00f3n de Nata con Nueces Calidad Suprema - Turrones Ana Sirvent","robots":{"index":"index","follow":"follow","max-snippet":"max-snippet:-1","max-image-preview":"max-image-preview:large","max-video-preview":"max-video-preview:-1"},"canonical":"https:\/\/www.turronesanasirvent.com\/index.php\/producto\/turron-de-nata-nueces-calidad-suprema\/","og_locale":"es_ES","og_type":"article","og_title":"Turr\u00f3n de Nata con Nueces Calidad Suprema - Turrones Ana Sirvent","og_description":"Este turr\u00f3n, bastante acogido por el\/la consumidor\/a, est\u00e1 elaborado con mazap\u00e1n y nueces de excelente calidad. Es el \u00fanico de nuestros turrones que contiene l\u00e1cteos. A pesar de que el turr\u00f3n tenga un alto valor energ\u00e9tico, nos gusta que sea un producto saludable. Por ello, intentamos bajar los az\u00facares a\u00f1adidos. Los nutrientes del Turr\u00f3n de Nata Nuez contienen una gran fuente de energ\u00eda para nuestro cerebro y evita la aparici\u00f3n de arteriosclerosis.","og_url":"https:\/\/www.turronesanasirvent.com\/index.php\/producto\/turron-de-nata-nueces-calidad-suprema\/","og_site_name":"Turrones Ana Sirvent","article_modified_time":"2025-12-21T19:06:23+00:00","og_image":[{"width":612,"height":408,"url":"https:\/\/www.turronesanasirvent.com\/wp-content\/uploads\/2021\/07\/turron-de-jijona-nata-nueves.png","type":"image\/png"}],"twitter_card":"summary_large_image","twitter_misc":{"Tiempo de lectura":"1 minuto"},"schema":{"@context":"https:\/\/schema.org","@graph":[{"@type":"WebPage","@id":"https:\/\/www.turronesanasirvent.com\/index.php\/producto\/turron-de-nata-nueces-calidad-suprema\/","url":"https:\/\/www.turronesanasirvent.com\/index.php\/producto\/turron-de-nata-nueces-calidad-suprema\/","name":"Turr\u00f3n de Nata con Nueces Calidad Suprema - Turrones Ana Sirvent","isPartOf":{"@id":"https:\/\/www.turronesanasirvent.com\/#website"},"primaryImageOfPage":{"@id":"https:\/\/www.turronesanasirvent.com\/index.php\/producto\/turron-de-nata-nueces-calidad-suprema\/#primaryimage"},"image":{"@id":"https:\/\/www.turronesanasirvent.com\/index.php\/producto\/turron-de-nata-nueces-calidad-suprema\/#primaryimage"},"thumbnailUrl":"https:\/\/www.turronesanasirvent.com\/wp-content\/uploads\/2021\/07\/turron-de-jijona-nata-nueves.png","datePublished":"2021-07-12T17:22:31+00:00","dateModified":"2025-12-21T19:06:23+00:00","breadcrumb":{"@id":"https:\/\/www.turronesanasirvent.com\/index.php\/producto\/turron-de-nata-nueces-calidad-suprema\/#breadcrumb"},"inLanguage":"es","potentialAction":[{"@type":"ReadAction","target":["https:\/\/www.turronesanasirvent.com\/index.php\/producto\/turron-de-nata-nueces-calidad-suprema\/"]}]},{"@type":"ImageObject","inLanguage":"es","@id":"https:\/\/www.turronesanasirvent.com\/index.php\/producto\/turron-de-nata-nueces-calidad-suprema\/#primaryimage","url":"https:\/\/www.turronesanasirvent.com\/wp-content\/uploads\/2021\/07\/turron-de-jijona-nata-nueves.png","contentUrl":"https:\/\/www.turronesanasirvent.com\/wp-content\/uploads\/2021\/07\/turron-de-jijona-nata-nueves.png","width":612,"height":408},{"@type":"BreadcrumbList","@id":"https:\/\/www.turronesanasirvent.com\/index.php\/producto\/turron-de-nata-nueces-calidad-suprema\/#breadcrumb","itemListElement":[{"@type":"ListItem","position":1,"name":"Portada","item":"https:\/\/www.turronesanasirvent.com\/"},{"@type":"ListItem","position":2,"name":"Tienda","item":"https:\/\/www.turronesanasirvent.com\/index.php\/tienda\/"},{"@type":"ListItem","position":3,"name":"Turr\u00f3n de Nata con Nueces Calidad Suprema"}]},{"@type":"WebSite","@id":"https:\/\/www.turronesanasirvent.com\/#website","url":"https:\/\/www.turronesanasirvent.com\/","name":"Turrones Ana Sirvent","description":"Tienda de turrones y dulces online","publisher":{"@id":"https:\/\/www.turronesanasirvent.com\/#organization"},"potentialAction":[{"@type":"SearchAction","target":{"@type":"EntryPoint","urlTemplate":"https:\/\/www.turronesanasirvent.com\/?s={search_term_string}"},"query-input":{"@type":"PropertyValueSpecification","valueRequired":true,"valueName":"search_term_string"}}],"inLanguage":"es"},{"@type":"Organization","@id":"https:\/\/www.turronesanasirvent.com\/#organization","name":"Turrones Ana Sirvent","url":"https:\/\/www.turronesanasirvent.com\/","logo":{"@type":"ImageObject","inLanguage":"es","@id":"https:\/\/www.turronesanasirvent.com\/#\/schema\/logo\/image\/","url":"https:\/\/www.turronesanasirvent.com\/wp-content\/uploads\/2021\/04\/ETIQUETAS-ANA-SIRVENT-cuadrado-01.png","contentUrl":"https:\/\/www.turronesanasirvent.com\/wp-content\/uploads\/2021\/04\/ETIQUETAS-ANA-SIRVENT-cuadrado-01.png","width":513,"height":513,"caption":"Turrones Ana Sirvent"},"image":{"@id":"https:\/\/www.turronesanasirvent.com\/#\/schema\/logo\/image\/"}}]}},"_links":{"self":[{"href":"https:\/\/www.turronesanasirvent.com\/index.php\/wp-json\/wp\/v2\/product\/573","targetHints":{"allow":["GET"]}}],"collection":[{"href":"https:\/\/www.turronesanasirvent.com\/index.php\/wp-json\/wp\/v2\/product"}],"about":[{"href":"https:\/\/www.turronesanasirvent.com\/index.php\/wp-json\/wp\/v2\/types\/product"}],"replies":[{"embeddable":true,"href":"https:\/\/www.turronesanasirvent.com\/index.php\/wp-json\/wp\/v2\/comments?post=573"}],"wp:featuredmedia":[{"embeddable":true,"href":"https:\/\/www.turronesanasirvent.com\/index.php\/wp-json\/wp\/v2\/media\/575"}],"wp:attachment":[{"href":"https:\/\/www.turronesanasirvent.com\/index.php\/wp-json\/wp\/v2\/media?parent=573"}],"wp:term":[{"taxonomy":"product_brand","embeddable":true,"href":"https:\/\/www.turronesanasirvent.com\/index.php\/wp-json\/wp\/v2\/product_brand?post=573"},{"taxonomy":"product_cat","embeddable":true,"href":"https:\/\/www.turronesanasirvent.com\/index.php\/wp-json\/wp\/v2\/product_cat?post=573"},{"taxonomy":"product_tag","embeddable":true,"href":"https:\/\/www.turronesanasirvent.com\/index.php\/wp-json\/wp\/v2\/product_tag?post=573"}],"curies":[{"name":"wp","href":"https:\/\/api.w.org\/{rel}","templated":true}]}}