{"id":673,"date":"2021-07-16T16:26:53","date_gmt":"2021-07-16T16:26:53","guid":{"rendered":"https:\/\/www.turronesanasirvent.com\/?post_type=product&#038;p=673"},"modified":"2025-11-12T14:10:15","modified_gmt":"2025-11-12T12:10:15","slug":"almendras-rellenas-de-turron","status":"publish","type":"product","link":"https:\/\/www.turronesanasirvent.com\/index.php\/producto\/almendras-rellenas-de-turron\/","title":{"rendered":"Almendras rellenas de turr\u00f3n"},"content":{"rendered":"<p><strong>Ingredientes: <\/strong>ALMENDRAS TOSTADAS (40%), AZU\u0301CAR, OBLEAS (harina de trigo, emulgente: lecitina de soja, agente gasificante: bicarbonato so\u0301dico), RASPADURA DE LIMO\u0301N, JARABE DE GLUCOSA, CANELA Y AROMAS.<\/p>\n<p><strong>Informaci\u00f3n nutricional:<\/strong><\/p>\n<table style=\"border-collapse: collapse; width: 68.8442%; height: 96px;\">\n<tbody>\n<tr style=\"height: 24px;\">\n<td style=\"width: 25%; height: 24px;\"><strong>Valor energe\u0301tico<\/strong><\/td>\n<td style=\"width: 13.0265%; height: 24px;\">2.348 KJ\/ 526 Kcal<\/td>\n<td style=\"width: 22.6913%; height: 24px;\"><strong>Grasas<\/strong><\/td>\n<td style=\"width: 4.24037%; height: 24px;\">29 g<\/td>\n<\/tr>\n<tr style=\"height: 24px;\">\n<td style=\"width: 25%; height: 24px;\"><strong>Hidratos de carbono<\/strong><\/td>\n<td style=\"width: 13.0265%; height: 24px;\">59 g<\/td>\n<td style=\"width: 22.6913%; height: 24px;\"><strong>A\u0301cidos grasos saturados<\/strong><\/td>\n<td style=\"width: 4.24037%; height: 24px;\">2,4 g<\/td>\n<\/tr>\n<tr style=\"height: 24px;\">\n<td style=\"width: 25%; height: 24px;\"><strong>de los cuales azu\u0301cares<\/strong><\/td>\n<td style=\"width: 13.0265%; height: 24px;\">52 g<\/td>\n<td style=\"width: 22.6913%; height: 24px;\"><strong>Sal<\/strong><\/td>\n<td style=\"width: 4.24037%; height: 24px;\">0,10 g<\/td>\n<\/tr>\n<tr style=\"height: 24px;\">\n<td style=\"width: 25%; height: 24px;\"><strong>Prote\u00ednas<\/strong><\/td>\n<td style=\"width: 13.0265%; height: 24px;\">14 g<\/td>\n<td style=\"width: 22.6913%; height: 24px;\"><\/td>\n<td style=\"width: 4.24037%; height: 24px;\"><\/td>\n<\/tr>\n<\/tbody>\n<\/table>\n<p><em>Valores nutricionales medios por 100g<\/em><\/p>\n<p><strong>Al\u00e9rgenos:\u00a0<\/strong><\/p>\n","protected":false},"excerpt":{"rendered":"<p><span style=\"font-weight: 400;\">Se tarta de una oblea rellena de nuestro t\u00edpico turr\u00f3n de <\/span><b>piedra<\/b><span style=\"font-weight: 400;\">.<\/span><\/p>\n<p><span style=\"font-weight: 400;\">En <\/span><b>Jijona<\/b><span style=\"font-weight: 400;\"> es t\u00edpico rellenar estas obleas con forma cascaras de almendra con <\/span><b>turr\u00f3n<\/b><span style=\"font-weight: 400;\"> de piedra los d\u00edas previos a la <\/span><b>Navidad. <\/b><span style=\"font-weight: 400;\">Tambi\u00e9n son conocidas como<\/span><b> almendrucos<\/b><span style=\"font-weight: 400;\">. Envasado individualmente para una mejor conservaci\u00f3n.<\/span><\/p>\n<p><span style=\"font-weight: 400;\">\u00a0Un dulce bocado que gusta a ni\u00f1os y mayores.<\/span><\/p>\n","protected":false},"featured_media":675,"comment_status":"open","ping_status":"closed","template":"","meta":{"_joinchat":[]},"product_brand":[],"product_cat":[25],"product_tag":[],"class_list":{"0":"post-673","1":"product","2":"type-product","3":"status-publish","4":"has-post-thumbnail","6":"product_cat-pasteleria","8":"first","9":"instock","10":"taxable","11":"shipping-taxable","12":"purchasable","13":"product-type-variable"},"yoast_head":"<!-- This site is optimized with the Yoast SEO plugin v27.4 - https:\/\/yoast.com\/product\/yoast-seo-wordpress\/ -->\n<title>Almendras rellenas de turr\u00f3n - Turrones Ana Sirvent<\/title>\n<meta name=\"robots\" content=\"index, follow, max-snippet:-1, max-image-preview:large, max-video-preview:-1\" \/>\n<link rel=\"canonical\" href=\"https:\/\/www.turronesanasirvent.com\/index.php\/producto\/almendras-rellenas-de-turron\/\" \/>\n<meta property=\"og:locale\" content=\"es_ES\" \/>\n<meta property=\"og:type\" content=\"article\" \/>\n<meta property=\"og:title\" content=\"Almendras rellenas de turr\u00f3n - Turrones Ana Sirvent\" \/>\n<meta property=\"og:description\" content=\"Se tarta de una oblea rellena de nuestro t\u00edpico turr\u00f3n de piedra.  En Jijona es t\u00edpico rellenar estas obleas con forma cascaras de almendra con turr\u00f3n de piedra los d\u00edas previos a la Navidad. Tambi\u00e9n son conocidas como almendrucos. Envasado individualmente para una mejor conservaci\u00f3n.  \u00a0Un dulce bocado que gusta a ni\u00f1os y mayores.\" \/>\n<meta property=\"og:url\" content=\"https:\/\/www.turronesanasirvent.com\/index.php\/producto\/almendras-rellenas-de-turron\/\" \/>\n<meta property=\"og:site_name\" content=\"Turrones Ana Sirvent\" \/>\n<meta property=\"article:modified_time\" content=\"2025-11-12T12:10:15+00:00\" \/>\n<meta property=\"og:image\" content=\"https:\/\/www.turronesanasirvent.com\/wp-content\/uploads\/2021\/07\/almendras-de-turro\u0301n.png\" \/>\n\t<meta property=\"og:image:width\" content=\"612\" \/>\n\t<meta property=\"og:image:height\" content=\"408\" \/>\n\t<meta property=\"og:image:type\" content=\"image\/png\" \/>\n<meta name=\"twitter:card\" content=\"summary_large_image\" \/>\n<script type=\"application\/ld+json\" class=\"yoast-schema-graph\">{\"@context\":\"https:\\\/\\\/schema.org\",\"@graph\":[{\"@type\":\"WebPage\",\"@id\":\"https:\\\/\\\/www.turronesanasirvent.com\\\/index.php\\\/producto\\\/almendras-rellenas-de-turron\\\/\",\"url\":\"https:\\\/\\\/www.turronesanasirvent.com\\\/index.php\\\/producto\\\/almendras-rellenas-de-turron\\\/\",\"name\":\"Almendras rellenas de turr\u00f3n - Turrones Ana Sirvent\",\"isPartOf\":{\"@id\":\"https:\\\/\\\/www.turronesanasirvent.com\\\/#website\"},\"primaryImageOfPage\":{\"@id\":\"https:\\\/\\\/www.turronesanasirvent.com\\\/index.php\\\/producto\\\/almendras-rellenas-de-turron\\\/#primaryimage\"},\"image\":{\"@id\":\"https:\\\/\\\/www.turronesanasirvent.com\\\/index.php\\\/producto\\\/almendras-rellenas-de-turron\\\/#primaryimage\"},\"thumbnailUrl\":\"https:\\\/\\\/www.turronesanasirvent.com\\\/wp-content\\\/uploads\\\/2021\\\/07\\\/almendras-de-turro\u0301n.png\",\"datePublished\":\"2021-07-16T16:26:53+00:00\",\"dateModified\":\"2025-11-12T12:10:15+00:00\",\"breadcrumb\":{\"@id\":\"https:\\\/\\\/www.turronesanasirvent.com\\\/index.php\\\/producto\\\/almendras-rellenas-de-turron\\\/#breadcrumb\"},\"inLanguage\":\"es\",\"potentialAction\":[{\"@type\":\"ReadAction\",\"target\":[\"https:\\\/\\\/www.turronesanasirvent.com\\\/index.php\\\/producto\\\/almendras-rellenas-de-turron\\\/\"]}]},{\"@type\":\"ImageObject\",\"inLanguage\":\"es\",\"@id\":\"https:\\\/\\\/www.turronesanasirvent.com\\\/index.php\\\/producto\\\/almendras-rellenas-de-turron\\\/#primaryimage\",\"url\":\"https:\\\/\\\/www.turronesanasirvent.com\\\/wp-content\\\/uploads\\\/2021\\\/07\\\/almendras-de-turro\u0301n.png\",\"contentUrl\":\"https:\\\/\\\/www.turronesanasirvent.com\\\/wp-content\\\/uploads\\\/2021\\\/07\\\/almendras-de-turro\u0301n.png\",\"width\":612,\"height\":408},{\"@type\":\"BreadcrumbList\",\"@id\":\"https:\\\/\\\/www.turronesanasirvent.com\\\/index.php\\\/producto\\\/almendras-rellenas-de-turron\\\/#breadcrumb\",\"itemListElement\":[{\"@type\":\"ListItem\",\"position\":1,\"name\":\"Portada\",\"item\":\"https:\\\/\\\/www.turronesanasirvent.com\\\/\"},{\"@type\":\"ListItem\",\"position\":2,\"name\":\"Tienda\",\"item\":\"https:\\\/\\\/www.turronesanasirvent.com\\\/index.php\\\/tienda\\\/\"},{\"@type\":\"ListItem\",\"position\":3,\"name\":\"Almendras rellenas de turr\u00f3n\"}]},{\"@type\":\"WebSite\",\"@id\":\"https:\\\/\\\/www.turronesanasirvent.com\\\/#website\",\"url\":\"https:\\\/\\\/www.turronesanasirvent.com\\\/\",\"name\":\"Turrones Ana Sirvent\",\"description\":\"Tienda de turrones y dulces online\",\"publisher\":{\"@id\":\"https:\\\/\\\/www.turronesanasirvent.com\\\/#organization\"},\"potentialAction\":[{\"@type\":\"SearchAction\",\"target\":{\"@type\":\"EntryPoint\",\"urlTemplate\":\"https:\\\/\\\/www.turronesanasirvent.com\\\/?s={search_term_string}\"},\"query-input\":{\"@type\":\"PropertyValueSpecification\",\"valueRequired\":true,\"valueName\":\"search_term_string\"}}],\"inLanguage\":\"es\"},{\"@type\":\"Organization\",\"@id\":\"https:\\\/\\\/www.turronesanasirvent.com\\\/#organization\",\"name\":\"Turrones Ana Sirvent\",\"url\":\"https:\\\/\\\/www.turronesanasirvent.com\\\/\",\"logo\":{\"@type\":\"ImageObject\",\"inLanguage\":\"es\",\"@id\":\"https:\\\/\\\/www.turronesanasirvent.com\\\/#\\\/schema\\\/logo\\\/image\\\/\",\"url\":\"https:\\\/\\\/www.turronesanasirvent.com\\\/wp-content\\\/uploads\\\/2021\\\/04\\\/ETIQUETAS-ANA-SIRVENT-cuadrado-01.png\",\"contentUrl\":\"https:\\\/\\\/www.turronesanasirvent.com\\\/wp-content\\\/uploads\\\/2021\\\/04\\\/ETIQUETAS-ANA-SIRVENT-cuadrado-01.png\",\"width\":513,\"height\":513,\"caption\":\"Turrones Ana Sirvent\"},\"image\":{\"@id\":\"https:\\\/\\\/www.turronesanasirvent.com\\\/#\\\/schema\\\/logo\\\/image\\\/\"}}]}<\/script>\n<!-- \/ Yoast SEO plugin. -->","yoast_head_json":{"title":"Almendras rellenas de turr\u00f3n - Turrones Ana Sirvent","robots":{"index":"index","follow":"follow","max-snippet":"max-snippet:-1","max-image-preview":"max-image-preview:large","max-video-preview":"max-video-preview:-1"},"canonical":"https:\/\/www.turronesanasirvent.com\/index.php\/producto\/almendras-rellenas-de-turron\/","og_locale":"es_ES","og_type":"article","og_title":"Almendras rellenas de turr\u00f3n - Turrones Ana Sirvent","og_description":"Se tarta de una oblea rellena de nuestro t\u00edpico turr\u00f3n de piedra.  En Jijona es t\u00edpico rellenar estas obleas con forma cascaras de almendra con turr\u00f3n de piedra los d\u00edas previos a la Navidad. Tambi\u00e9n son conocidas como almendrucos. Envasado individualmente para una mejor conservaci\u00f3n.  \u00a0Un dulce bocado que gusta a ni\u00f1os y mayores.","og_url":"https:\/\/www.turronesanasirvent.com\/index.php\/producto\/almendras-rellenas-de-turron\/","og_site_name":"Turrones Ana Sirvent","article_modified_time":"2025-11-12T12:10:15+00:00","og_image":[{"width":612,"height":408,"url":"https:\/\/www.turronesanasirvent.com\/wp-content\/uploads\/2021\/07\/almendras-de-turro\u0301n.png","type":"image\/png"}],"twitter_card":"summary_large_image","schema":{"@context":"https:\/\/schema.org","@graph":[{"@type":"WebPage","@id":"https:\/\/www.turronesanasirvent.com\/index.php\/producto\/almendras-rellenas-de-turron\/","url":"https:\/\/www.turronesanasirvent.com\/index.php\/producto\/almendras-rellenas-de-turron\/","name":"Almendras rellenas de turr\u00f3n - Turrones Ana Sirvent","isPartOf":{"@id":"https:\/\/www.turronesanasirvent.com\/#website"},"primaryImageOfPage":{"@id":"https:\/\/www.turronesanasirvent.com\/index.php\/producto\/almendras-rellenas-de-turron\/#primaryimage"},"image":{"@id":"https:\/\/www.turronesanasirvent.com\/index.php\/producto\/almendras-rellenas-de-turron\/#primaryimage"},"thumbnailUrl":"https:\/\/www.turronesanasirvent.com\/wp-content\/uploads\/2021\/07\/almendras-de-turro\u0301n.png","datePublished":"2021-07-16T16:26:53+00:00","dateModified":"2025-11-12T12:10:15+00:00","breadcrumb":{"@id":"https:\/\/www.turronesanasirvent.com\/index.php\/producto\/almendras-rellenas-de-turron\/#breadcrumb"},"inLanguage":"es","potentialAction":[{"@type":"ReadAction","target":["https:\/\/www.turronesanasirvent.com\/index.php\/producto\/almendras-rellenas-de-turron\/"]}]},{"@type":"ImageObject","inLanguage":"es","@id":"https:\/\/www.turronesanasirvent.com\/index.php\/producto\/almendras-rellenas-de-turron\/#primaryimage","url":"https:\/\/www.turronesanasirvent.com\/wp-content\/uploads\/2021\/07\/almendras-de-turro\u0301n.png","contentUrl":"https:\/\/www.turronesanasirvent.com\/wp-content\/uploads\/2021\/07\/almendras-de-turro\u0301n.png","width":612,"height":408},{"@type":"BreadcrumbList","@id":"https:\/\/www.turronesanasirvent.com\/index.php\/producto\/almendras-rellenas-de-turron\/#breadcrumb","itemListElement":[{"@type":"ListItem","position":1,"name":"Portada","item":"https:\/\/www.turronesanasirvent.com\/"},{"@type":"ListItem","position":2,"name":"Tienda","item":"https:\/\/www.turronesanasirvent.com\/index.php\/tienda\/"},{"@type":"ListItem","position":3,"name":"Almendras rellenas de turr\u00f3n"}]},{"@type":"WebSite","@id":"https:\/\/www.turronesanasirvent.com\/#website","url":"https:\/\/www.turronesanasirvent.com\/","name":"Turrones Ana Sirvent","description":"Tienda de turrones y dulces online","publisher":{"@id":"https:\/\/www.turronesanasirvent.com\/#organization"},"potentialAction":[{"@type":"SearchAction","target":{"@type":"EntryPoint","urlTemplate":"https:\/\/www.turronesanasirvent.com\/?s={search_term_string}"},"query-input":{"@type":"PropertyValueSpecification","valueRequired":true,"valueName":"search_term_string"}}],"inLanguage":"es"},{"@type":"Organization","@id":"https:\/\/www.turronesanasirvent.com\/#organization","name":"Turrones Ana Sirvent","url":"https:\/\/www.turronesanasirvent.com\/","logo":{"@type":"ImageObject","inLanguage":"es","@id":"https:\/\/www.turronesanasirvent.com\/#\/schema\/logo\/image\/","url":"https:\/\/www.turronesanasirvent.com\/wp-content\/uploads\/2021\/04\/ETIQUETAS-ANA-SIRVENT-cuadrado-01.png","contentUrl":"https:\/\/www.turronesanasirvent.com\/wp-content\/uploads\/2021\/04\/ETIQUETAS-ANA-SIRVENT-cuadrado-01.png","width":513,"height":513,"caption":"Turrones Ana Sirvent"},"image":{"@id":"https:\/\/www.turronesanasirvent.com\/#\/schema\/logo\/image\/"}}]}},"_links":{"self":[{"href":"https:\/\/www.turronesanasirvent.com\/index.php\/wp-json\/wp\/v2\/product\/673","targetHints":{"allow":["GET"]}}],"collection":[{"href":"https:\/\/www.turronesanasirvent.com\/index.php\/wp-json\/wp\/v2\/product"}],"about":[{"href":"https:\/\/www.turronesanasirvent.com\/index.php\/wp-json\/wp\/v2\/types\/product"}],"replies":[{"embeddable":true,"href":"https:\/\/www.turronesanasirvent.com\/index.php\/wp-json\/wp\/v2\/comments?post=673"}],"wp:featuredmedia":[{"embeddable":true,"href":"https:\/\/www.turronesanasirvent.com\/index.php\/wp-json\/wp\/v2\/media\/675"}],"wp:attachment":[{"href":"https:\/\/www.turronesanasirvent.com\/index.php\/wp-json\/wp\/v2\/media?parent=673"}],"wp:term":[{"taxonomy":"product_brand","embeddable":true,"href":"https:\/\/www.turronesanasirvent.com\/index.php\/wp-json\/wp\/v2\/product_brand?post=673"},{"taxonomy":"product_cat","embeddable":true,"href":"https:\/\/www.turronesanasirvent.com\/index.php\/wp-json\/wp\/v2\/product_cat?post=673"},{"taxonomy":"product_tag","embeddable":true,"href":"https:\/\/www.turronesanasirvent.com\/index.php\/wp-json\/wp\/v2\/product_tag?post=673"}],"curies":[{"name":"wp","href":"https:\/\/api.w.org\/{rel}","templated":true}]}}