{"id":704,"date":"2021-07-16T17:23:56","date_gmt":"2021-07-16T15:23:56","guid":{"rendered":"https:\/\/www.turronesanasirvent.com\/?post_type=product&#038;p=704"},"modified":"2025-12-12T16:06:39","modified_gmt":"2025-12-12T14:06:39","slug":"pan-de-cadiz","status":"publish","type":"product","link":"https:\/\/www.turronesanasirvent.com\/index.php\/producto\/pan-de-cadiz\/","title":{"rendered":"Pan de C\u00e1diz"},"content":{"rendered":"<p><strong>Ingredientes: <\/strong>INGREDIENTES: Mazapa\u0301n (ALMENDRA (60%), azu\u0301car, glucosa y conservante (E200)), Batata confitada (Boniato, azu\u0301car, jarabe de glucosa, conservantes (a\u0301cido so\u0301rbico y sorbato de potasio), yema confitada (Yema de HUEVO, azu\u0301car, jarabe de glucosa, conservante (E200)), estabilizador (E466) y acidulante (E330)). Fruta confitada ((Calabaza\/fruta (SULFITOS), jarabe de glucosa- fructosa, azu\u0301car, antioxidante (E-330) y conservador (E-202), colorante E-120, E-100, E-133 y E-141)), color (E160a) y albu\u0301mina de HUEVO. Soporte oblea de patata. Trazas de almido\u0301n de mai\u0301z para su manipulacio\u0301n artesanal. Puede contener trazas de SOJA y LACTOSA. SIN GLUTEN. Conservar en lugar fresco y seco.<\/p>\n<p><strong>Informaci\u00f3n nutricional:<\/strong><\/p>\n<table style=\"border-collapse: collapse;width: 68.8442%;height: 96px\">\n<tbody>\n<tr style=\"height: 24px\">\n<td style=\"width: 25%;height: 24px\"><strong>Valor energe\u0301tico<\/strong><\/td>\n<td style=\"width: 13.0265%;height: 24px\">1688 KJ\/ 402 Kcal<\/td>\n<td style=\"width: 22.6913%;height: 24px\"><strong>Grasas<\/strong><\/td>\n<td style=\"width: 4.24037%;height: 24px\">16 g<\/td>\n<\/tr>\n<tr style=\"height: 24px\">\n<td style=\"width: 25%;height: 24px\"><strong>Hidratos de carbono<\/strong><\/td>\n<td style=\"width: 13.0265%;height: 24px\">58 g<\/td>\n<td style=\"width: 22.6913%;height: 24px\"><strong>A\u0301cidos grasos saturados<\/strong><\/td>\n<td style=\"width: 4.24037%;height: 24px\">1,79 g<\/td>\n<\/tr>\n<tr style=\"height: 24px\">\n<td style=\"width: 25%;height: 24px\"><strong>de los cuales azu\u0301cares<\/strong><\/td>\n<td style=\"width: 13.0265%;height: 24px\">48 g<\/td>\n<td style=\"width: 22.6913%;height: 24px\"><strong>Sal<\/strong><\/td>\n<td style=\"width: 4.24037%;height: 24px\">0,06 g<\/td>\n<\/tr>\n<tr style=\"height: 24px\">\n<td style=\"width: 25%;height: 24px\"><strong>Prote\u00ednas<\/strong><\/td>\n<td style=\"width: 13.0265%;height: 24px\">6,5 g<\/td>\n<td style=\"width: 22.6913%;height: 24px\"><\/td>\n<td style=\"width: 4.24037%;height: 24px\"><\/td>\n<\/tr>\n<\/tbody>\n<\/table>\n<p><em>Valores nutricionales medios por 100g<\/em><\/p>\n<p><strong>Al\u00e9rgenos:\u00a0 <\/strong>Frutos secos de c\u00e1scara, cereales, leche, soja.<\/p>\n","protected":false},"excerpt":{"rendered":"<p><b>Polvor\u00f3n <\/b><span style=\"font-weight: 400\">de <\/span><b>jijona,<\/b><span style=\"font-weight: 400\"> almendra granulada valenciana; un cl\u00e1sico exquisito. Cuando vayas a <\/span><b>comprar turr\u00f3n<\/b><span style=\"font-weight: 400\">, no olvides pedirlos y probarlos, no te arrepentir\u00e1s.<\/span><\/p>\n","protected":false},"featured_media":705,"comment_status":"open","ping_status":"closed","template":"","meta":{"_joinchat":[]},"product_brand":[],"product_cat":[25],"product_tag":[],"class_list":{"0":"post-704","1":"product","2":"type-product","3":"status-publish","4":"has-post-thumbnail","6":"product_cat-pasteleria","8":"first","9":"instock","10":"taxable","11":"shipping-taxable","12":"purchasable","13":"product-type-variable"},"yoast_head":"<!-- This site is optimized with the Yoast SEO plugin v27.4 - https:\/\/yoast.com\/product\/yoast-seo-wordpress\/ -->\n<title>Pan de C\u00e1diz - Turrones Ana Sirvent<\/title>\n<meta name=\"robots\" content=\"index, follow, max-snippet:-1, max-image-preview:large, max-video-preview:-1\" \/>\n<link rel=\"canonical\" href=\"https:\/\/www.turronesanasirvent.com\/index.php\/producto\/pan-de-cadiz\/\" \/>\n<meta property=\"og:locale\" content=\"es_ES\" \/>\n<meta property=\"og:type\" content=\"article\" \/>\n<meta property=\"og:title\" content=\"Pan de C\u00e1diz - Turrones Ana Sirvent\" \/>\n<meta property=\"og:description\" content=\"Polvor\u00f3n de jijona, almendra granulada valenciana; un cl\u00e1sico exquisito. Cuando vayas a comprar turr\u00f3n, no olvides pedirlos y probarlos, no te arrepentir\u00e1s.\" \/>\n<meta property=\"og:url\" content=\"https:\/\/www.turronesanasirvent.com\/index.php\/producto\/pan-de-cadiz\/\" \/>\n<meta property=\"og:site_name\" content=\"Turrones Ana Sirvent\" \/>\n<meta property=\"article:modified_time\" content=\"2025-12-12T14:06:39+00:00\" \/>\n<meta property=\"og:image\" content=\"https:\/\/www.turronesanasirvent.com\/wp-content\/uploads\/2021\/07\/pan-de-cadiz.png\" \/>\n\t<meta property=\"og:image:width\" content=\"612\" \/>\n\t<meta property=\"og:image:height\" content=\"408\" \/>\n\t<meta property=\"og:image:type\" content=\"image\/png\" \/>\n<meta name=\"twitter:card\" content=\"summary_large_image\" \/>\n<meta name=\"twitter:label1\" content=\"Tiempo de lectura\" \/>\n\t<meta name=\"twitter:data1\" content=\"1 minuto\" \/>\n<script type=\"application\/ld+json\" class=\"yoast-schema-graph\">{\"@context\":\"https:\\\/\\\/schema.org\",\"@graph\":[{\"@type\":\"WebPage\",\"@id\":\"https:\\\/\\\/www.turronesanasirvent.com\\\/index.php\\\/producto\\\/pan-de-cadiz\\\/\",\"url\":\"https:\\\/\\\/www.turronesanasirvent.com\\\/index.php\\\/producto\\\/pan-de-cadiz\\\/\",\"name\":\"Pan de C\u00e1diz - Turrones Ana Sirvent\",\"isPartOf\":{\"@id\":\"https:\\\/\\\/www.turronesanasirvent.com\\\/#website\"},\"primaryImageOfPage\":{\"@id\":\"https:\\\/\\\/www.turronesanasirvent.com\\\/index.php\\\/producto\\\/pan-de-cadiz\\\/#primaryimage\"},\"image\":{\"@id\":\"https:\\\/\\\/www.turronesanasirvent.com\\\/index.php\\\/producto\\\/pan-de-cadiz\\\/#primaryimage\"},\"thumbnailUrl\":\"https:\\\/\\\/www.turronesanasirvent.com\\\/wp-content\\\/uploads\\\/2021\\\/07\\\/pan-de-cadiz.png\",\"datePublished\":\"2021-07-16T15:23:56+00:00\",\"dateModified\":\"2025-12-12T14:06:39+00:00\",\"breadcrumb\":{\"@id\":\"https:\\\/\\\/www.turronesanasirvent.com\\\/index.php\\\/producto\\\/pan-de-cadiz\\\/#breadcrumb\"},\"inLanguage\":\"es\",\"potentialAction\":[{\"@type\":\"ReadAction\",\"target\":[\"https:\\\/\\\/www.turronesanasirvent.com\\\/index.php\\\/producto\\\/pan-de-cadiz\\\/\"]}]},{\"@type\":\"ImageObject\",\"inLanguage\":\"es\",\"@id\":\"https:\\\/\\\/www.turronesanasirvent.com\\\/index.php\\\/producto\\\/pan-de-cadiz\\\/#primaryimage\",\"url\":\"https:\\\/\\\/www.turronesanasirvent.com\\\/wp-content\\\/uploads\\\/2021\\\/07\\\/pan-de-cadiz.png\",\"contentUrl\":\"https:\\\/\\\/www.turronesanasirvent.com\\\/wp-content\\\/uploads\\\/2021\\\/07\\\/pan-de-cadiz.png\",\"width\":612,\"height\":408},{\"@type\":\"BreadcrumbList\",\"@id\":\"https:\\\/\\\/www.turronesanasirvent.com\\\/index.php\\\/producto\\\/pan-de-cadiz\\\/#breadcrumb\",\"itemListElement\":[{\"@type\":\"ListItem\",\"position\":1,\"name\":\"Portada\",\"item\":\"https:\\\/\\\/www.turronesanasirvent.com\\\/\"},{\"@type\":\"ListItem\",\"position\":2,\"name\":\"Tienda\",\"item\":\"https:\\\/\\\/www.turronesanasirvent.com\\\/index.php\\\/tienda\\\/\"},{\"@type\":\"ListItem\",\"position\":3,\"name\":\"Pan de C\u00e1diz\"}]},{\"@type\":\"WebSite\",\"@id\":\"https:\\\/\\\/www.turronesanasirvent.com\\\/#website\",\"url\":\"https:\\\/\\\/www.turronesanasirvent.com\\\/\",\"name\":\"Turrones Ana Sirvent\",\"description\":\"Tienda de turrones y dulces online\",\"publisher\":{\"@id\":\"https:\\\/\\\/www.turronesanasirvent.com\\\/#organization\"},\"potentialAction\":[{\"@type\":\"SearchAction\",\"target\":{\"@type\":\"EntryPoint\",\"urlTemplate\":\"https:\\\/\\\/www.turronesanasirvent.com\\\/?s={search_term_string}\"},\"query-input\":{\"@type\":\"PropertyValueSpecification\",\"valueRequired\":true,\"valueName\":\"search_term_string\"}}],\"inLanguage\":\"es\"},{\"@type\":\"Organization\",\"@id\":\"https:\\\/\\\/www.turronesanasirvent.com\\\/#organization\",\"name\":\"Turrones Ana Sirvent\",\"url\":\"https:\\\/\\\/www.turronesanasirvent.com\\\/\",\"logo\":{\"@type\":\"ImageObject\",\"inLanguage\":\"es\",\"@id\":\"https:\\\/\\\/www.turronesanasirvent.com\\\/#\\\/schema\\\/logo\\\/image\\\/\",\"url\":\"https:\\\/\\\/www.turronesanasirvent.com\\\/wp-content\\\/uploads\\\/2021\\\/04\\\/ETIQUETAS-ANA-SIRVENT-cuadrado-01.png\",\"contentUrl\":\"https:\\\/\\\/www.turronesanasirvent.com\\\/wp-content\\\/uploads\\\/2021\\\/04\\\/ETIQUETAS-ANA-SIRVENT-cuadrado-01.png\",\"width\":513,\"height\":513,\"caption\":\"Turrones Ana Sirvent\"},\"image\":{\"@id\":\"https:\\\/\\\/www.turronesanasirvent.com\\\/#\\\/schema\\\/logo\\\/image\\\/\"}}]}<\/script>\n<!-- \/ Yoast SEO plugin. -->","yoast_head_json":{"title":"Pan de C\u00e1diz - Turrones Ana Sirvent","robots":{"index":"index","follow":"follow","max-snippet":"max-snippet:-1","max-image-preview":"max-image-preview:large","max-video-preview":"max-video-preview:-1"},"canonical":"https:\/\/www.turronesanasirvent.com\/index.php\/producto\/pan-de-cadiz\/","og_locale":"es_ES","og_type":"article","og_title":"Pan de C\u00e1diz - Turrones Ana Sirvent","og_description":"Polvor\u00f3n de jijona, almendra granulada valenciana; un cl\u00e1sico exquisito. Cuando vayas a comprar turr\u00f3n, no olvides pedirlos y probarlos, no te arrepentir\u00e1s.","og_url":"https:\/\/www.turronesanasirvent.com\/index.php\/producto\/pan-de-cadiz\/","og_site_name":"Turrones Ana Sirvent","article_modified_time":"2025-12-12T14:06:39+00:00","og_image":[{"width":612,"height":408,"url":"https:\/\/www.turronesanasirvent.com\/wp-content\/uploads\/2021\/07\/pan-de-cadiz.png","type":"image\/png"}],"twitter_card":"summary_large_image","twitter_misc":{"Tiempo de lectura":"1 minuto"},"schema":{"@context":"https:\/\/schema.org","@graph":[{"@type":"WebPage","@id":"https:\/\/www.turronesanasirvent.com\/index.php\/producto\/pan-de-cadiz\/","url":"https:\/\/www.turronesanasirvent.com\/index.php\/producto\/pan-de-cadiz\/","name":"Pan de C\u00e1diz - Turrones Ana Sirvent","isPartOf":{"@id":"https:\/\/www.turronesanasirvent.com\/#website"},"primaryImageOfPage":{"@id":"https:\/\/www.turronesanasirvent.com\/index.php\/producto\/pan-de-cadiz\/#primaryimage"},"image":{"@id":"https:\/\/www.turronesanasirvent.com\/index.php\/producto\/pan-de-cadiz\/#primaryimage"},"thumbnailUrl":"https:\/\/www.turronesanasirvent.com\/wp-content\/uploads\/2021\/07\/pan-de-cadiz.png","datePublished":"2021-07-16T15:23:56+00:00","dateModified":"2025-12-12T14:06:39+00:00","breadcrumb":{"@id":"https:\/\/www.turronesanasirvent.com\/index.php\/producto\/pan-de-cadiz\/#breadcrumb"},"inLanguage":"es","potentialAction":[{"@type":"ReadAction","target":["https:\/\/www.turronesanasirvent.com\/index.php\/producto\/pan-de-cadiz\/"]}]},{"@type":"ImageObject","inLanguage":"es","@id":"https:\/\/www.turronesanasirvent.com\/index.php\/producto\/pan-de-cadiz\/#primaryimage","url":"https:\/\/www.turronesanasirvent.com\/wp-content\/uploads\/2021\/07\/pan-de-cadiz.png","contentUrl":"https:\/\/www.turronesanasirvent.com\/wp-content\/uploads\/2021\/07\/pan-de-cadiz.png","width":612,"height":408},{"@type":"BreadcrumbList","@id":"https:\/\/www.turronesanasirvent.com\/index.php\/producto\/pan-de-cadiz\/#breadcrumb","itemListElement":[{"@type":"ListItem","position":1,"name":"Portada","item":"https:\/\/www.turronesanasirvent.com\/"},{"@type":"ListItem","position":2,"name":"Tienda","item":"https:\/\/www.turronesanasirvent.com\/index.php\/tienda\/"},{"@type":"ListItem","position":3,"name":"Pan de C\u00e1diz"}]},{"@type":"WebSite","@id":"https:\/\/www.turronesanasirvent.com\/#website","url":"https:\/\/www.turronesanasirvent.com\/","name":"Turrones Ana Sirvent","description":"Tienda de turrones y dulces online","publisher":{"@id":"https:\/\/www.turronesanasirvent.com\/#organization"},"potentialAction":[{"@type":"SearchAction","target":{"@type":"EntryPoint","urlTemplate":"https:\/\/www.turronesanasirvent.com\/?s={search_term_string}"},"query-input":{"@type":"PropertyValueSpecification","valueRequired":true,"valueName":"search_term_string"}}],"inLanguage":"es"},{"@type":"Organization","@id":"https:\/\/www.turronesanasirvent.com\/#organization","name":"Turrones Ana Sirvent","url":"https:\/\/www.turronesanasirvent.com\/","logo":{"@type":"ImageObject","inLanguage":"es","@id":"https:\/\/www.turronesanasirvent.com\/#\/schema\/logo\/image\/","url":"https:\/\/www.turronesanasirvent.com\/wp-content\/uploads\/2021\/04\/ETIQUETAS-ANA-SIRVENT-cuadrado-01.png","contentUrl":"https:\/\/www.turronesanasirvent.com\/wp-content\/uploads\/2021\/04\/ETIQUETAS-ANA-SIRVENT-cuadrado-01.png","width":513,"height":513,"caption":"Turrones Ana Sirvent"},"image":{"@id":"https:\/\/www.turronesanasirvent.com\/#\/schema\/logo\/image\/"}}]}},"_links":{"self":[{"href":"https:\/\/www.turronesanasirvent.com\/index.php\/wp-json\/wp\/v2\/product\/704","targetHints":{"allow":["GET"]}}],"collection":[{"href":"https:\/\/www.turronesanasirvent.com\/index.php\/wp-json\/wp\/v2\/product"}],"about":[{"href":"https:\/\/www.turronesanasirvent.com\/index.php\/wp-json\/wp\/v2\/types\/product"}],"replies":[{"embeddable":true,"href":"https:\/\/www.turronesanasirvent.com\/index.php\/wp-json\/wp\/v2\/comments?post=704"}],"wp:featuredmedia":[{"embeddable":true,"href":"https:\/\/www.turronesanasirvent.com\/index.php\/wp-json\/wp\/v2\/media\/705"}],"wp:attachment":[{"href":"https:\/\/www.turronesanasirvent.com\/index.php\/wp-json\/wp\/v2\/media?parent=704"}],"wp:term":[{"taxonomy":"product_brand","embeddable":true,"href":"https:\/\/www.turronesanasirvent.com\/index.php\/wp-json\/wp\/v2\/product_brand?post=704"},{"taxonomy":"product_cat","embeddable":true,"href":"https:\/\/www.turronesanasirvent.com\/index.php\/wp-json\/wp\/v2\/product_cat?post=704"},{"taxonomy":"product_tag","embeddable":true,"href":"https:\/\/www.turronesanasirvent.com\/index.php\/wp-json\/wp\/v2\/product_tag?post=704"}],"curies":[{"name":"wp","href":"https:\/\/api.w.org\/{rel}","templated":true}]}}