{"id":909,"date":"2021-07-30T11:19:43","date_gmt":"2021-07-30T11:19:43","guid":{"rendered":"https:\/\/www.turronesanasirvent.com\/?post_type=product&#038;p=909"},"modified":"2025-11-12T14:09:49","modified_gmt":"2025-11-12T12:09:49","slug":"turron-de-guirlache","status":"publish","type":"product","link":"https:\/\/www.turronesanasirvent.com\/index.php\/producto\/turron-de-guirlache\/","title":{"rendered":"Turr\u00f3n de Guirlache 300g"},"content":{"rendered":"<p><strong>Ingredientes: <\/strong>ALMENDRA TOSTADA (60%), AZU\u0301CAR Y MIEL. Recubrimiento externo: OBLEA (fe\u0301cula de patata y aceite de girasol).<\/p>\n<p><strong>Informaci\u00f3n nutricional:<\/strong><\/p>\n<table style=\"border-collapse: collapse;width: 89.7098%;height: 96px\">\n<tbody>\n<tr style=\"height: 24px\">\n<td style=\"width: 25%;height: 24px\"><strong>Valor energe\u0301tico<\/strong><\/td>\n<td style=\"width: 21.6176%;height: 24px\">\u00a02.261 kJ \/ 542 kCal<\/td>\n<td style=\"width: 27.8527%;height: 24px\"><strong>Grasas<\/strong><\/td>\n<td style=\"width: 15.2395%;height: 24px\">34 g<\/td>\n<\/tr>\n<tr style=\"height: 24px\">\n<td style=\"width: 25%;height: 24px\"><strong>Hidratos de carbono<\/strong><\/td>\n<td style=\"width: 21.6176%;height: 24px\">42 g<\/td>\n<td style=\"width: 27.8527%;height: 24px\"><strong>A\u0301cidos grasos saturados<\/strong><\/td>\n<td style=\"width: 15.2395%;height: 24px\">\u00a02,9 g<\/td>\n<\/tr>\n<tr style=\"height: 24px\">\n<td style=\"width: 25%;height: 24px\"><strong>de los cuales azu\u0301cares<\/strong><\/td>\n<td style=\"width: 21.6176%;height: 24px\">\u00a038 g<\/td>\n<td style=\"width: 27.8527%;height: 24px\"><strong>Sal<\/strong><\/td>\n<td style=\"width: 15.2395%;height: 24px\">0,02 g<\/td>\n<\/tr>\n<tr style=\"height: 24px\">\n<td style=\"width: 25%;height: 24px\"><strong>Prote\u00ednas<\/strong><\/td>\n<td style=\"width: 21.6176%;height: 24px\">\u00a015 g<\/td>\n<td style=\"width: 27.8527%;height: 24px\"><\/td>\n<td style=\"width: 15.2395%;height: 24px\"><\/td>\n<\/tr>\n<\/tbody>\n<\/table>\n<p><em>Valores nutricionales medios por 100g<\/em><\/p>\n<p><strong>Al\u00e9rgenos: <\/strong>SIN GLUTEN. Contiene almendra. Puede contener trazas de clara de huevo y se\u0301samo.<\/p>\n<p>&nbsp;<\/p>\n","protected":false},"excerpt":{"rendered":"<p><span style=\"font-weight: 400\">Nuestro<\/span><b> Turr\u00f3n de Guirlache<\/b><span style=\"font-weight: 400\"> est\u00e1 elaborado con <\/span><b>almendra marcona<\/b><span style=\"font-weight: 400\"> entera, tostada y con piel. Le acompa\u00f1a la sabrosa miel de naranjo, az\u00facar y ajonjol\u00ed tostado.<\/span><\/p>\n<p><span style=\"font-weight: 400\">Moldeado barra a barra y envasado<\/span><b> manualmente<\/b><span style=\"font-weight: 400\">, de este producto destaca su producci\u00f3n <\/span><b>artesanal<\/b><span style=\"font-weight: 400\"> singular, especial para<\/span><b> Navidad<\/b><span style=\"font-weight: 400\">.<\/span><\/p>\n<p><span style=\"font-weight: 400\">La <\/span><b>almendra<\/b><span style=\"font-weight: 400\"> con piel, la miel tostada, el toque de ajonjol\u00ed\u2026 dan ganas de echarse un trozo de este peculiar turr\u00f3n a la boca.<\/span><\/p>\n<p><span style=\"font-weight: 400\">Al tener un elevado porcentaje de almendra es rico en calcio, f\u00f3sforo, potasio y magnesio .<\/span><\/p>\n<p><span style=\"font-weight: 400\">En Ana Sirvent lo presentamos en un formato dividido en 2 barritas de 150 grs, lo cual hace que la textura sea especialmente crujiente y fina.<\/span><\/p>\n<p><img decoding=\"async\" class=\"alignnone wp-image-63\" src=\"https:\/\/www.turronesanasirvent.com\/wp-content\/uploads\/2021\/03\/singluten.png\" alt=\"\" width=\"100\" height=\"105\" \/><img decoding=\"async\" class=\"alignnone wp-image-65\" src=\"https:\/\/www.turronesanasirvent.com\/wp-content\/uploads\/2021\/03\/sin-azucar.png\" alt=\"\" width=\"100\" height=\"105\" \/><\/p>\n","protected":false},"featured_media":910,"comment_status":"open","ping_status":"closed","template":"","meta":{"_joinchat":[]},"product_brand":[],"product_cat":[23],"product_tag":[],"class_list":{"0":"post-909","1":"product","2":"type-product","3":"status-publish","4":"has-post-thumbnail","6":"product_cat-turron","8":"first","9":"instock","10":"taxable","11":"shipping-taxable","12":"purchasable","13":"product-type-simple"},"yoast_head":"<!-- This site is optimized with the Yoast SEO plugin v27.5 - https:\/\/yoast.com\/product\/yoast-seo-wordpress\/ -->\n<title>Turr\u00f3n de Guirlache 300g - Turrones Ana Sirvent<\/title>\n<meta name=\"robots\" content=\"index, follow, max-snippet:-1, max-image-preview:large, max-video-preview:-1\" \/>\n<link rel=\"canonical\" href=\"https:\/\/www.turronesanasirvent.com\/index.php\/producto\/turron-de-guirlache\/\" \/>\n<meta property=\"og:locale\" content=\"es_ES\" \/>\n<meta property=\"og:type\" content=\"article\" \/>\n<meta property=\"og:title\" content=\"Turr\u00f3n de Guirlache 300g - Turrones Ana Sirvent\" \/>\n<meta property=\"og:description\" content=\"Nuestro Turr\u00f3n de Guirlache est\u00e1 elaborado con almendra marcona entera, tostada y con piel. Le acompa\u00f1a la sabrosa miel de naranjo, az\u00facar y ajonjol\u00ed tostado.  Moldeado barra a barra y envasado manualmente, de este producto destaca su producci\u00f3n artesanal singular, especial para Navidad.  La almendra con piel, la miel tostada, el toque de ajonjol\u00ed\u2026 dan ganas de echarse un trozo de este peculiar turr\u00f3n a la boca.  Al tener un elevado porcentaje de almendra es rico en calcio, f\u00f3sforo, potasio y magnesio .  En Ana Sirvent lo presentamos en un formato dividido en 2 barritas de 150 grs, lo cual hace que la textura sea especialmente crujiente y fina.\" \/>\n<meta property=\"og:url\" content=\"https:\/\/www.turronesanasirvent.com\/index.php\/producto\/turron-de-guirlache\/\" \/>\n<meta property=\"og:site_name\" content=\"Turrones Ana Sirvent\" \/>\n<meta property=\"article:modified_time\" content=\"2025-11-12T12:09:49+00:00\" \/>\n<meta property=\"og:image\" content=\"https:\/\/www.turronesanasirvent.com\/wp-content\/uploads\/2021\/07\/Turron-de-guirlache.png\" \/>\n\t<meta property=\"og:image:width\" content=\"612\" \/>\n\t<meta property=\"og:image:height\" content=\"408\" \/>\n\t<meta property=\"og:image:type\" content=\"image\/png\" \/>\n<meta name=\"twitter:card\" content=\"summary_large_image\" \/>\n<meta name=\"twitter:label1\" content=\"Tiempo de lectura\" \/>\n\t<meta name=\"twitter:data1\" content=\"1 minuto\" \/>\n<script type=\"application\/ld+json\" class=\"yoast-schema-graph\">{\"@context\":\"https:\\\/\\\/schema.org\",\"@graph\":[{\"@type\":\"WebPage\",\"@id\":\"https:\\\/\\\/www.turronesanasirvent.com\\\/index.php\\\/producto\\\/turron-de-guirlache\\\/\",\"url\":\"https:\\\/\\\/www.turronesanasirvent.com\\\/index.php\\\/producto\\\/turron-de-guirlache\\\/\",\"name\":\"Turr\u00f3n de Guirlache 300g - Turrones Ana Sirvent\",\"isPartOf\":{\"@id\":\"https:\\\/\\\/www.turronesanasirvent.com\\\/#website\"},\"primaryImageOfPage\":{\"@id\":\"https:\\\/\\\/www.turronesanasirvent.com\\\/index.php\\\/producto\\\/turron-de-guirlache\\\/#primaryimage\"},\"image\":{\"@id\":\"https:\\\/\\\/www.turronesanasirvent.com\\\/index.php\\\/producto\\\/turron-de-guirlache\\\/#primaryimage\"},\"thumbnailUrl\":\"https:\\\/\\\/www.turronesanasirvent.com\\\/wp-content\\\/uploads\\\/2021\\\/07\\\/Turron-de-guirlache.png\",\"datePublished\":\"2021-07-30T11:19:43+00:00\",\"dateModified\":\"2025-11-12T12:09:49+00:00\",\"breadcrumb\":{\"@id\":\"https:\\\/\\\/www.turronesanasirvent.com\\\/index.php\\\/producto\\\/turron-de-guirlache\\\/#breadcrumb\"},\"inLanguage\":\"es\",\"potentialAction\":[{\"@type\":\"ReadAction\",\"target\":[\"https:\\\/\\\/www.turronesanasirvent.com\\\/index.php\\\/producto\\\/turron-de-guirlache\\\/\"]}]},{\"@type\":\"ImageObject\",\"inLanguage\":\"es\",\"@id\":\"https:\\\/\\\/www.turronesanasirvent.com\\\/index.php\\\/producto\\\/turron-de-guirlache\\\/#primaryimage\",\"url\":\"https:\\\/\\\/www.turronesanasirvent.com\\\/wp-content\\\/uploads\\\/2021\\\/07\\\/Turron-de-guirlache.png\",\"contentUrl\":\"https:\\\/\\\/www.turronesanasirvent.com\\\/wp-content\\\/uploads\\\/2021\\\/07\\\/Turron-de-guirlache.png\",\"width\":612,\"height\":408},{\"@type\":\"BreadcrumbList\",\"@id\":\"https:\\\/\\\/www.turronesanasirvent.com\\\/index.php\\\/producto\\\/turron-de-guirlache\\\/#breadcrumb\",\"itemListElement\":[{\"@type\":\"ListItem\",\"position\":1,\"name\":\"Portada\",\"item\":\"https:\\\/\\\/www.turronesanasirvent.com\\\/\"},{\"@type\":\"ListItem\",\"position\":2,\"name\":\"Tienda\",\"item\":\"https:\\\/\\\/www.turronesanasirvent.com\\\/index.php\\\/tienda\\\/\"},{\"@type\":\"ListItem\",\"position\":3,\"name\":\"Turr\u00f3n de Guirlache 300g\"}]},{\"@type\":\"WebSite\",\"@id\":\"https:\\\/\\\/www.turronesanasirvent.com\\\/#website\",\"url\":\"https:\\\/\\\/www.turronesanasirvent.com\\\/\",\"name\":\"Turrones Ana Sirvent\",\"description\":\"Tienda de turrones y dulces online\",\"publisher\":{\"@id\":\"https:\\\/\\\/www.turronesanasirvent.com\\\/#organization\"},\"potentialAction\":[{\"@type\":\"SearchAction\",\"target\":{\"@type\":\"EntryPoint\",\"urlTemplate\":\"https:\\\/\\\/www.turronesanasirvent.com\\\/?s={search_term_string}\"},\"query-input\":{\"@type\":\"PropertyValueSpecification\",\"valueRequired\":true,\"valueName\":\"search_term_string\"}}],\"inLanguage\":\"es\"},{\"@type\":\"Organization\",\"@id\":\"https:\\\/\\\/www.turronesanasirvent.com\\\/#organization\",\"name\":\"Turrones Ana Sirvent\",\"url\":\"https:\\\/\\\/www.turronesanasirvent.com\\\/\",\"logo\":{\"@type\":\"ImageObject\",\"inLanguage\":\"es\",\"@id\":\"https:\\\/\\\/www.turronesanasirvent.com\\\/#\\\/schema\\\/logo\\\/image\\\/\",\"url\":\"https:\\\/\\\/www.turronesanasirvent.com\\\/wp-content\\\/uploads\\\/2021\\\/04\\\/ETIQUETAS-ANA-SIRVENT-cuadrado-01.png\",\"contentUrl\":\"https:\\\/\\\/www.turronesanasirvent.com\\\/wp-content\\\/uploads\\\/2021\\\/04\\\/ETIQUETAS-ANA-SIRVENT-cuadrado-01.png\",\"width\":513,\"height\":513,\"caption\":\"Turrones Ana Sirvent\"},\"image\":{\"@id\":\"https:\\\/\\\/www.turronesanasirvent.com\\\/#\\\/schema\\\/logo\\\/image\\\/\"}}]}<\/script>\n<!-- \/ Yoast SEO plugin. -->","yoast_head_json":{"title":"Turr\u00f3n de Guirlache 300g - Turrones Ana Sirvent","robots":{"index":"index","follow":"follow","max-snippet":"max-snippet:-1","max-image-preview":"max-image-preview:large","max-video-preview":"max-video-preview:-1"},"canonical":"https:\/\/www.turronesanasirvent.com\/index.php\/producto\/turron-de-guirlache\/","og_locale":"es_ES","og_type":"article","og_title":"Turr\u00f3n de Guirlache 300g - Turrones Ana Sirvent","og_description":"Nuestro Turr\u00f3n de Guirlache est\u00e1 elaborado con almendra marcona entera, tostada y con piel. Le acompa\u00f1a la sabrosa miel de naranjo, az\u00facar y ajonjol\u00ed tostado.  Moldeado barra a barra y envasado manualmente, de este producto destaca su producci\u00f3n artesanal singular, especial para Navidad.  La almendra con piel, la miel tostada, el toque de ajonjol\u00ed\u2026 dan ganas de echarse un trozo de este peculiar turr\u00f3n a la boca.  Al tener un elevado porcentaje de almendra es rico en calcio, f\u00f3sforo, potasio y magnesio .  En Ana Sirvent lo presentamos en un formato dividido en 2 barritas de 150 grs, lo cual hace que la textura sea especialmente crujiente y fina.","og_url":"https:\/\/www.turronesanasirvent.com\/index.php\/producto\/turron-de-guirlache\/","og_site_name":"Turrones Ana Sirvent","article_modified_time":"2025-11-12T12:09:49+00:00","og_image":[{"width":612,"height":408,"url":"https:\/\/www.turronesanasirvent.com\/wp-content\/uploads\/2021\/07\/Turron-de-guirlache.png","type":"image\/png"}],"twitter_card":"summary_large_image","twitter_misc":{"Tiempo de lectura":"1 minuto"},"schema":{"@context":"https:\/\/schema.org","@graph":[{"@type":"WebPage","@id":"https:\/\/www.turronesanasirvent.com\/index.php\/producto\/turron-de-guirlache\/","url":"https:\/\/www.turronesanasirvent.com\/index.php\/producto\/turron-de-guirlache\/","name":"Turr\u00f3n de Guirlache 300g - Turrones Ana Sirvent","isPartOf":{"@id":"https:\/\/www.turronesanasirvent.com\/#website"},"primaryImageOfPage":{"@id":"https:\/\/www.turronesanasirvent.com\/index.php\/producto\/turron-de-guirlache\/#primaryimage"},"image":{"@id":"https:\/\/www.turronesanasirvent.com\/index.php\/producto\/turron-de-guirlache\/#primaryimage"},"thumbnailUrl":"https:\/\/www.turronesanasirvent.com\/wp-content\/uploads\/2021\/07\/Turron-de-guirlache.png","datePublished":"2021-07-30T11:19:43+00:00","dateModified":"2025-11-12T12:09:49+00:00","breadcrumb":{"@id":"https:\/\/www.turronesanasirvent.com\/index.php\/producto\/turron-de-guirlache\/#breadcrumb"},"inLanguage":"es","potentialAction":[{"@type":"ReadAction","target":["https:\/\/www.turronesanasirvent.com\/index.php\/producto\/turron-de-guirlache\/"]}]},{"@type":"ImageObject","inLanguage":"es","@id":"https:\/\/www.turronesanasirvent.com\/index.php\/producto\/turron-de-guirlache\/#primaryimage","url":"https:\/\/www.turronesanasirvent.com\/wp-content\/uploads\/2021\/07\/Turron-de-guirlache.png","contentUrl":"https:\/\/www.turronesanasirvent.com\/wp-content\/uploads\/2021\/07\/Turron-de-guirlache.png","width":612,"height":408},{"@type":"BreadcrumbList","@id":"https:\/\/www.turronesanasirvent.com\/index.php\/producto\/turron-de-guirlache\/#breadcrumb","itemListElement":[{"@type":"ListItem","position":1,"name":"Portada","item":"https:\/\/www.turronesanasirvent.com\/"},{"@type":"ListItem","position":2,"name":"Tienda","item":"https:\/\/www.turronesanasirvent.com\/index.php\/tienda\/"},{"@type":"ListItem","position":3,"name":"Turr\u00f3n de Guirlache 300g"}]},{"@type":"WebSite","@id":"https:\/\/www.turronesanasirvent.com\/#website","url":"https:\/\/www.turronesanasirvent.com\/","name":"Turrones Ana Sirvent","description":"Tienda de turrones y dulces online","publisher":{"@id":"https:\/\/www.turronesanasirvent.com\/#organization"},"potentialAction":[{"@type":"SearchAction","target":{"@type":"EntryPoint","urlTemplate":"https:\/\/www.turronesanasirvent.com\/?s={search_term_string}"},"query-input":{"@type":"PropertyValueSpecification","valueRequired":true,"valueName":"search_term_string"}}],"inLanguage":"es"},{"@type":"Organization","@id":"https:\/\/www.turronesanasirvent.com\/#organization","name":"Turrones Ana Sirvent","url":"https:\/\/www.turronesanasirvent.com\/","logo":{"@type":"ImageObject","inLanguage":"es","@id":"https:\/\/www.turronesanasirvent.com\/#\/schema\/logo\/image\/","url":"https:\/\/www.turronesanasirvent.com\/wp-content\/uploads\/2021\/04\/ETIQUETAS-ANA-SIRVENT-cuadrado-01.png","contentUrl":"https:\/\/www.turronesanasirvent.com\/wp-content\/uploads\/2021\/04\/ETIQUETAS-ANA-SIRVENT-cuadrado-01.png","width":513,"height":513,"caption":"Turrones Ana Sirvent"},"image":{"@id":"https:\/\/www.turronesanasirvent.com\/#\/schema\/logo\/image\/"}}]}},"_links":{"self":[{"href":"https:\/\/www.turronesanasirvent.com\/index.php\/wp-json\/wp\/v2\/product\/909","targetHints":{"allow":["GET"]}}],"collection":[{"href":"https:\/\/www.turronesanasirvent.com\/index.php\/wp-json\/wp\/v2\/product"}],"about":[{"href":"https:\/\/www.turronesanasirvent.com\/index.php\/wp-json\/wp\/v2\/types\/product"}],"replies":[{"embeddable":true,"href":"https:\/\/www.turronesanasirvent.com\/index.php\/wp-json\/wp\/v2\/comments?post=909"}],"wp:featuredmedia":[{"embeddable":true,"href":"https:\/\/www.turronesanasirvent.com\/index.php\/wp-json\/wp\/v2\/media\/910"}],"wp:attachment":[{"href":"https:\/\/www.turronesanasirvent.com\/index.php\/wp-json\/wp\/v2\/media?parent=909"}],"wp:term":[{"taxonomy":"product_brand","embeddable":true,"href":"https:\/\/www.turronesanasirvent.com\/index.php\/wp-json\/wp\/v2\/product_brand?post=909"},{"taxonomy":"product_cat","embeddable":true,"href":"https:\/\/www.turronesanasirvent.com\/index.php\/wp-json\/wp\/v2\/product_cat?post=909"},{"taxonomy":"product_tag","embeddable":true,"href":"https:\/\/www.turronesanasirvent.com\/index.php\/wp-json\/wp\/v2\/product_tag?post=909"}],"curies":[{"name":"wp","href":"https:\/\/api.w.org\/{rel}","templated":true}]}}